{"id":4697,"date":"2020-08-14T17:20:53","date_gmt":"2020-08-14T14:20:53","guid":{"rendered":"http:\/\/tedder-global.com\/yonergeler\/"},"modified":"2023-07-02T23:34:30","modified_gmt":"2023-07-02T20:34:30","slug":"yonergeler","status":"publish","type":"page","link":"https:\/\/tedder-global.com\/tr\/yonergeler\/","title":{"rendered":"Y\u00f6nergeler"},"content":{"rendered":"\t\t<div data-elementor-type=\"wp-page\" data-elementor-id=\"4697\" class=\"elementor elementor-4697 elementor-2539\" data-elementor-post-type=\"page\">\n\t\t\t\t\t\t<section class=\"elementor-section elementor-top-section elementor-element elementor-element-2af8600 elementor-section-boxed elementor-section-height-default elementor-section-height-default rt-parallax-bg-no\" data-id=\"2af8600\" data-element_type=\"section\">\n\t\t\t\t\t\t<div class=\"elementor-container elementor-column-gap-default\">\n\t\t\t\t\t<div class=\"elementor-column elementor-col-100 elementor-top-column elementor-element elementor-element-be6bd06\" data-id=\"be6bd06\" data-element_type=\"column\">\n\t\t\t<div class=\"elementor-widget-wrap elementor-element-populated\">\n\t\t\t\t\t\t<div class=\"elementor-element elementor-element-0803b3f elementor-widget elementor-widget-image\" data-id=\"0803b3f\" data-element_type=\"widget\" data-widget_type=\"image.default\">\n\t\t\t\t<div class=\"elementor-widget-container\">\n\t\t\t\t\t\t\t\t\t\t\t\t\t\t\t<img decoding=\"async\" src=\"https:\/\/tedder-global.com\/wp-content\/uploads\/2022\/02\/tedderlogo1.jpeg\" title=\"\" alt=\"\" loading=\"lazy\" \/>\t\t\t\t\t\t\t\t\t\t\t\t\t\t\t<\/div>\n\t\t\t\t<\/div>\n\t\t\t\t<div class=\"elementor-element elementor-element-eee5b28 elementor-widget elementor-widget-text-editor\" data-id=\"eee5b28\" data-element_type=\"widget\" data-widget_type=\"text-editor.default\">\n\t\t\t\t<div class=\"elementor-widget-container\">\n\t\t\t\t\t\t\t\t\t<h3><span style=\"text-decoration: underline;\"><strong><span id=\"docs-internal-guid-83d1e1ed-7fff-c15e-fd7c-86cf8cee214d\"><span style=\"font-size: 24pt; font-family: Arial; color: #212529; background-color: transparent; font-variant-numeric: normal; font-variant-east-asian: normal; vertical-align: baseline; white-space: pre-wrap; text-decoration: underline;\">Y\u00f6nergeler<\/span><\/span><\/strong><\/span><\/h3>\n\t\t\t\t\t\t\t\t<\/div>\n\t\t\t\t<\/div>\n\t\t\t\t<div class=\"elementor-element elementor-element-4dd5ff7 elementor-widget elementor-widget-text-editor\" data-id=\"4dd5ff7\" data-element_type=\"widget\" data-widget_type=\"text-editor.default\">\n\t\t\t\t<div class=\"elementor-widget-container\">\n\t\t\t\t\t\t\t\t\t<p><span style=\"font-weight: 400;\">Bu liste neye izin verilmedi\u011fini g\u00f6sterir, ayr\u0131ca toplulu\u011fa zararl\u0131 oldu\u011funu d\u00fc\u015f\u00fcnd\u00fc\u011f\u00fcm\u00fcz t\u00fcm \u00f6\u011feleri kald\u0131raca\u011f\u0131z.<\/span><\/p>\n\t\t\t\t\t\t\t\t<\/div>\n\t\t\t\t<\/div>\n\t\t\t\t<div class=\"elementor-element elementor-element-c2b449d elementor-widget elementor-widget-text-editor\" data-id=\"c2b449d\" data-element_type=\"widget\" data-widget_type=\"text-editor.default\">\n\t\t\t\t<div class=\"elementor-widget-container\">\n\t\t\t\t\t\t\t\t\t<h3><b>Yeti\u015fkin i\u00e7erik<\/b><\/h3>\n<p><span style=\"font-weight: 400;\">Baz\u0131 \u015feyleri hayal g\u00fcc\u00fcne b\u0131rak\u0131n. M\u00fcstehcen \u00e7\u0131plakl\u0131k i\u00e7eren cinsel i\u00e7erik, yeti\u015fkin oyuncaklar\u0131 veya di\u011fer \u00f6\u011felere izin verilmez.<\/span><\/p>\t\t\t\t\t\t\t\t<\/div>\n\t\t\t\t<\/div>\n\t\t\t\t<div class=\"elementor-element elementor-element-8c4289f elementor-widget elementor-widget-text-editor\" data-id=\"8c4289f\" data-element_type=\"widget\" data-widget_type=\"text-editor.default\">\n\t\t\t\t<div class=\"elementor-widget-container\">\n\t\t\t\t\t\t\t\t\t<h3><b>\u0130la\u00e7lar<\/b><\/h3>\n<p><span style=\"font-weight: 400;\">Kendi yetki alan\u0131n\u0131zda yasal olsa bile uyu\u015fturucu satmak yasakt\u0131r. <\/span><\/p>\n\t\t\t\t\t\t\t\t<\/div>\n\t\t\t\t<\/div>\n\t\t\t\t<div class=\"elementor-element elementor-element-381eabd elementor-widget elementor-widget-text-editor\" data-id=\"381eabd\" data-element_type=\"widget\" data-widget_type=\"text-editor.default\">\n\t\t\t\t<div class=\"elementor-widget-container\">\n\t\t\t\t\t\t\t\t\t<h3><b>Hizmetler<\/b><\/h3>\n<p><span style=\"font-weight: 400;\">Yasad\u0131\u015f\u0131 bir \u015fey yapmay\u0131 teklif edemezsiniz. <\/span><\/p>\n<p><b>Yasaklanan hizmetler \u015funlar\u0131 i\u00e7erir:<\/b><\/p>\n<ul>\n<li style=\"font-weight: 400;\"><span style=\"font-weight: 400;\">Eskort Hizmetleri<\/span><\/li>\n<li style=\"font-weight: 400;\"><span style=\"font-weight: 400;\">Kendileri yasa d\u0131\u015f\u0131 olan (telefonlar\u0131n ve di\u011fer donan\u0131mlar\u0131n kilidinin a\u00e7\u0131lmas\u0131) veya yasa d\u0131\u015f\u0131 faaliyetler i\u00e7erebilen hizmetler<\/span><\/li>\n<li style=\"font-weight: 400;\"><span style=\"font-weight: 400;\">Uyu\u015fturucuyla ilgili hizmetler<\/span><\/li>\n<li style=\"font-weight: 400;\"><span style=\"font-weight: 400;\">Silah veya di\u011fer silahlar\u0131 i\u00e7eren hizmetler<\/span><\/li>\n<\/ul>\n\t\t\t\t\t\t\t\t<\/div>\n\t\t\t\t<\/div>\n\t\t\t\t<div class=\"elementor-element elementor-element-99c3da4 elementor-widget elementor-widget-text-editor\" data-id=\"99c3da4\" data-element_type=\"widget\" data-widget_type=\"text-editor.default\">\n\t\t\t\t<div class=\"elementor-widget-container\">\n\t\t\t\t\t\t\t\t\t<h3><b>\u0130stenmeyen e<\/b><\/h3>\n<p><span style=\"font-weight: 400;\">Spam&#8217;e izin vermiyoruz. Bir e\u015fya almak\/satmakla ger\u00e7ekten ilgilenmiyorsan\u0131z, biriyle sohbet ba\u015flatmay\u0131n.<\/span><\/p>\n\t\t\t\t\t\t\t\t<\/div>\n\t\t\t\t<\/div>\n\t\t\t\t<div class=\"elementor-element elementor-element-62a2bb2 elementor-widget elementor-widget-text-editor\" data-id=\"62a2bb2\" data-element_type=\"widget\" data-widget_type=\"text-editor.default\">\n\t\t\t\t<div class=\"elementor-widget-container\">\n\t\t\t\t\t\t\t\t\t<h3><b>Silahlar ve Di\u011fer Tehlikeli \u00d6\u011feler<\/b><\/h3>\n<p><span style=\"font-weight: 400;\">Ate\u015fli silahlar veya geni\u015f \u00e7apta geri \u00e7a\u011fr\u0131lan maddeler gibi tehlikeli maddeleri yasakl\u0131yoruz.<\/span><\/p>\n<p><b>Yasaklanm\u0131\u015f \u00f6\u011feler \u015funlar\u0131 i\u00e7erir:<\/b><\/p>\n<ul>\n<li style=\"font-weight: 400;\"><span style=\"font-weight: 400;\">T\u00fcm ate\u015fli silahlar, aksesuarlar ve m\u00fchimmat<\/span><\/li>\n<li style=\"font-weight: 400;\"><span style=\"font-weight: 400;\">Taser&#8217;lar<\/span><\/li>\n<li style=\"font-weight: 400;\"><span style=\"font-weight: 400;\">Pestisitler, g\u00f6z ya\u015fart\u0131c\u0131 gaz ve di\u011fer tehlikeli kimyasallar <\/span><\/li>\n<\/ul>\n\t\t\t\t\t\t\t\t<\/div>\n\t\t\t\t<\/div>\n\t\t\t\t<div class=\"elementor-element elementor-element-a54a7d9 elementor-widget elementor-widget-text-editor\" data-id=\"a54a7d9\" data-element_type=\"widget\" data-widget_type=\"text-editor.default\">\n\t\t\t\t<div class=\"elementor-widget-container\">\n\t\t\t\t\t\t\t\t\t<h3><b>\u00c7e\u015fitli<\/b><\/h3>\n<p><span style=\"font-weight: 400;\">Yukar\u0131daki politikalar, izin verilmeyenlerin \u00e7o\u011funu kapsar, ancak kapsaml\u0131 de\u011fildir. Toplulu\u011fa zararl\u0131 oldu\u011funu d\u00fc\u015f\u00fcnd\u00fc\u011f\u00fcm\u00fcz herhangi bir \u00f6\u011feyi kald\u0131raca\u011f\u0131z.<\/span><\/p>\n\t\t\t\t\t\t\t\t<\/div>\n\t\t\t\t<\/div>\n\t\t\t\t\t<\/div>\n\t\t<\/div>\n\t\t\t\t\t<\/div>\n\t\t<\/section>\n\t\t\t\t<\/div>\n\t\t","protected":false},"excerpt":{"rendered":"<p>Y\u00f6nergeler Bu liste neye izin verilmedi\u011fini g\u00f6sterir, ayr\u0131ca toplulu\u011fa zararl\u0131 oldu\u011funu d\u00fc\u015f\u00fcnd\u00fc\u011f\u00fcm\u00fcz t\u00fcm \u00f6\u011feleri kald\u0131raca\u011f\u0131z. Yeti\u015fkin i\u00e7erik Baz\u0131 \u015feyleri hayal g\u00fcc\u00fcne b\u0131rak\u0131n. M\u00fcstehcen \u00e7\u0131plakl\u0131k i\u00e7eren cinsel i\u00e7erik, yeti\u015fkin oyuncaklar\u0131 veya di\u011fer \u00f6\u011felere izin verilmez. \u0130la\u00e7lar Kendi yetki alan\u0131n\u0131zda yasal olsa bile uyu\u015fturucu satmak yasakt\u0131r. Hizmetler Yasad\u0131\u015f\u0131 bir \u015fey yapmay\u0131 teklif edemezsiniz. Yasaklanan hizmetler \u015funlar\u0131 i\u00e7erir:<\/p>\n","protected":false},"author":1,"featured_media":0,"parent":0,"menu_order":0,"comment_status":"closed","ping_status":"closed","template":"templates\/blank.php","meta":{"_rtcl_gb_attr":"","footnotes":""},"class_list":["post-4697","page","type-page","status-publish","hentry"],"_links":{"self":[{"href":"https:\/\/tedder-global.com\/tr\/wp-json\/wp\/v2\/pages\/4697","targetHints":{"allow":["GET"]}}],"collection":[{"href":"https:\/\/tedder-global.com\/tr\/wp-json\/wp\/v2\/pages"}],"about":[{"href":"https:\/\/tedder-global.com\/tr\/wp-json\/wp\/v2\/types\/page"}],"author":[{"embeddable":true,"href":"https:\/\/tedder-global.com\/tr\/wp-json\/wp\/v2\/users\/1"}],"replies":[{"embeddable":true,"href":"https:\/\/tedder-global.com\/tr\/wp-json\/wp\/v2\/comments?post=4697"}],"version-history":[{"count":2,"href":"https:\/\/tedder-global.com\/tr\/wp-json\/wp\/v2\/pages\/4697\/revisions"}],"predecessor-version":[{"id":57394,"href":"https:\/\/tedder-global.com\/tr\/wp-json\/wp\/v2\/pages\/4697\/revisions\/57394"}],"wp:attachment":[{"href":"https:\/\/tedder-global.com\/tr\/wp-json\/wp\/v2\/media?parent=4697"}],"curies":[{"name":"wp","href":"https:\/\/api.w.org\/{rel}","templated":true}]}}