{"id":4637,"date":"2020-08-28T08:09:10","date_gmt":"2020-08-28T05:09:10","guid":{"rendered":"http:\/\/tedder-global.com\/sss\/"},"modified":"2023-11-16T14:21:29","modified_gmt":"2023-11-16T11:21:29","slug":"sss","status":"publish","type":"page","link":"https:\/\/tedder-global.com\/tr\/sss\/","title":{"rendered":"SSS"},"content":{"rendered":"\t\t<div data-elementor-type=\"wp-post\" data-elementor-id=\"4637\" class=\"elementor elementor-4637 elementor-341\" data-elementor-post-type=\"page\">\n\t\t\t\t\t\t<div class=\"elementor-section elementor-top-section elementor-element elementor-element-1792e3e elementor-section-boxed elementor-section-height-default elementor-section-height-default rt-parallax-bg-no\" data-id=\"1792e3e\" data-element_type=\"section\">\n\t\t\t\t\t\t<div class=\"elementor-container elementor-column-gap-default\">\n\t\t\t\t\t<div class=\"elementor-column elementor-col-100 elementor-top-column elementor-element elementor-element-2eb78f4\" data-id=\"2eb78f4\" data-element_type=\"column\">\n\t\t\t<div class=\"elementor-widget-wrap elementor-element-populated\">\n\t\t\t\t\t\t<div class=\"elementor-element elementor-element-201b6aa elementor-widget elementor-widget-heading\" data-id=\"201b6aa\" data-element_type=\"widget\" data-widget_type=\"heading.default\">\n\t\t\t\t<div class=\"elementor-widget-container\">\n\t\t\t\t\t<h3 class=\"elementor-heading-title elementor-size-default\">S\u0131k\u00e7a Sorulan Sorular<\/h3>\t\t\t\t<\/div>\n\t\t\t\t<\/div>\n\t\t\t\t\t<\/div>\n\t\t<\/div>\n\t\t\t\t\t<\/div>\n\t\t<\/div>\n\t\t\t\t<div class=\"elementor-section elementor-top-section elementor-element elementor-element-f41a756 elementor-section-boxed elementor-section-height-default elementor-section-height-default rt-parallax-bg-no\" data-id=\"f41a756\" data-element_type=\"section\">\n\t\t\t\t\t\t<div class=\"elementor-container elementor-column-gap-default\">\n\t\t\t\t\t<div class=\"elementor-column elementor-col-100 elementor-top-column elementor-element elementor-element-1276db5\" data-id=\"1276db5\" data-element_type=\"column\">\n\t\t\t<div class=\"elementor-widget-wrap elementor-element-populated\">\n\t\t\t\t\t\t<div class=\"elementor-element elementor-element-56638ba elementor-widget elementor-widget-text-editor\" data-id=\"56638ba\" data-element_type=\"widget\" data-widget_type=\"text-editor.default\">\n\t\t\t\t<div class=\"elementor-widget-container\">\n\t\t\t\t\t\t\t\t\t<p>Platformumuzda en s\u0131k sorulan sorular. L\u00fctfen cevaplar\u0131 dikkatlice kontrol edin. Sorununuzu \u00e7\u00f6zmedilerse, l\u00fctfen ileti\u015fim formunu kullan\u0131n, en k\u0131sa s\u00fcrede size geri d\u00f6nece\u011fiz. Te\u015fekk\u00fcrler!<\/p>\t\t\t\t\t\t\t\t<\/div>\n\t\t\t\t<\/div>\n\t\t\t\t\t<\/div>\n\t\t<\/div>\n\t\t\t\t\t<\/div>\n\t\t<\/div>\n\t\t\t\t<div class=\"elementor-section elementor-top-section elementor-element elementor-element-78806a9 elementor-section-boxed elementor-section-height-default elementor-section-height-default rt-parallax-bg-no\" data-id=\"78806a9\" data-element_type=\"section\">\n\t\t\t\t\t\t<div class=\"elementor-container elementor-column-gap-default\">\n\t\t\t\t\t<div class=\"elementor-column elementor-col-100 elementor-top-column elementor-element elementor-element-2517875\" data-id=\"2517875\" data-element_type=\"column\">\n\t\t\t<div class=\"elementor-widget-wrap elementor-element-populated\">\n\t\t\t\t\t\t<div class=\"elementor-element elementor-element-8509ea3 elementor-widget elementor-widget-rt-accordian\" data-id=\"8509ea3\" data-element_type=\"widget\" data-widget_type=\"rt-accordian.default\">\n\t\t\t\t<div class=\"elementor-widget-container\">\n\t\t\t\t\t<div class=\"rt-el-accordian\">\r\n\t<div class=\"accordion\" id=\"u-0-00262500-1776007678\">\r\n\t\t\t\t\t\t\t\t<div class=\"card\">\r\n\t\t\t\t<div class=\"card-header\">\r\n\t\t\t\t\t<a href=\"#\" class=\"collapsed\" data-toggle=\"collapse\" data-target=\"#u-0-00263600-1776007678\" aria-expanded=\"true\"> 1. Ara ve Sat\u0131n Al<\/a>\r\n\t\t\t\t<\/div>\r\n\t\t\t\t<div id=\"u-0-00263600-1776007678\" class=\"collapse\" data-parent=\"#u-0-00262500-1776007678\">\r\n\t\t\t\t\t<div class=\"card-body\"><p>\u00dcr\u00fcn Nas\u0131l Sat\u0131n Al\u0131n\u0131r?<\/p><p>Harika bir f\u0131rsat elde etmenin en iyi yolu, arama \u00e7ubu\u011fu \u00f6zelliklerimizi kullanmakt\u0131r:<\/p><p>Alan\u0131 s\u0131n\u0131rlay\u0131n<br \/>Bir anahtar kelime girin<br \/>B\u00f6lgenize ili\u015fkin sonu\u00e7lar\u0131 inceleyin ve kar\u015f\u0131la\u015ft\u0131r\u0131n<\/p><p>En iyi sonu\u00e7lar\u0131 \"Favoriler\" listenize kaydedin. Bu \u00f6zellik yaln\u0131zca kay\u0131tl\u0131 kullan\u0131c\u0131lar i\u00e7indir.<\/p><p>Sat\u0131c\u0131n\u0131n arad\u0131\u011f\u0131n\u0131z \u015feye h\u00e2l\u00e2 sahip oldu\u011fundan emin olmak i\u00e7in bir mesaj g\u00f6ndermenizi \u00f6neririz.<\/p><p>Ma\u011fazaya kolay navigasyon sa\u011flamak i\u00e7in Google Haritalar'\u0131n GPS verilerini kullan\u0131n. Daha az veri kullanmak i\u00e7in otelden ayr\u0131lmadan \u00f6nce b\u00f6lgenin haritas\u0131n\u0131 indirebilirsiniz.<\/p><p>Sat\u0131c\u0131yla fiyat ve ko\u015fullar konusunda pazarl\u0131k yapabilirsiniz ve yapmal\u0131s\u0131n\u0131z!<\/p><p>Anla\u015fma bitti\u011finde l\u00fctfen ona puan verin, bu harika olur!<\/p><\/div>\r\n\t\t\t\t<\/div>\r\n\t\t\t<\/div>\r\n\t\t\t\t\t\t\t\t<div class=\"card\">\r\n\t\t\t\t<div class=\"card-header\">\r\n\t\t\t\t\t<a href=\"#\" class=\"collapsed\" data-toggle=\"collapse\" data-target=\"#u-0-00277300-1776007678\" aria-expanded=\"true\"> 2. \u00dcye olma<\/a>\r\n\t\t\t\t<\/div>\r\n\t\t\t\t<div id=\"u-0-00277300-1776007678\" class=\"collapse\" data-parent=\"#u-0-00262500-1776007678\">\r\n\t\t\t\t\t<div class=\"card-body\"><p>Bir m\u00fc\u015fteri neden kay\u0131t olmal\u0131?<\/p><p>L\u00fctfen kay\u0131t formumuzu kullan\u0131n ve e-posta hesab\u0131n\u0131z\u0131 onaylay\u0131n. Bundan sonra platformumuzun t\u00fcm fonksiyonlar\u0131 hizmetinizde olacakt\u0131r!<\/p><p>L\u00fctfen herhangi bir \u00fcyelik paketi sat\u0131n almay\u0131n, bunlar yaln\u0131zca sat\u0131c\u0131lara y\u00f6neliktir.<\/p><\/div>\r\n\t\t\t\t<\/div>\r\n\t\t\t<\/div>\r\n\t\t\t\t\t\t\t\t<div class=\"card\">\r\n\t\t\t\t<div class=\"card-header\">\r\n\t\t\t\t\t<a href=\"#\" class=\"collapsed\" data-toggle=\"collapse\" data-target=\"#u-0-00281000-1776007678\" aria-expanded=\"true\"> 3. Favorilerinizi kaydedin<\/a>\r\n\t\t\t\t<\/div>\r\n\t\t\t\t<div id=\"u-0-00281000-1776007678\" class=\"collapse\" data-parent=\"#u-0-00262500-1776007678\">\r\n\t\t\t\t\t<div class=\"card-body\"><p>Be\u011fendi\u011finiz bir \u00fcr\u00fcn veya hizmet bulursan\u0131z, onu favorilerinize kaydedebilirsiniz. Bu \u015fekilde onlar\u0131 kaybetmezsiniz!<\/p><p>Not: \"Favorileri Kaydet\" \u00f6zelli\u011fini yaln\u0131zca kay\u0131tl\u0131 kullan\u0131c\u0131lar kullanabilir.<\/p><\/div>\r\n\t\t\t\t<\/div>\r\n\t\t\t<\/div>\r\n\t\t\t\t\t\t\t\t<div class=\"card\">\r\n\t\t\t\t<div class=\"card-header\">\r\n\t\t\t\t\t<a href=\"#\" class=\"collapsed\" data-toggle=\"collapse\" data-target=\"#u-0-00283400-1776007678\" aria-expanded=\"true\"> 4. irtibat<\/a>\r\n\t\t\t\t<\/div>\r\n\t\t\t\t<div id=\"u-0-00283400-1776007678\" class=\"collapse\" data-parent=\"#u-0-00262500-1776007678\">\r\n\t\t\t\t\t<div class=\"card-body\"><p>Platformumuzun kendi mesajla\u015fma servisi bulunmaktad\u0131r. Sat\u0131c\u0131lar ve m\u00fc\u015fteriler aras\u0131ndaki ileti\u015fimin en kolay yoludur.<\/p><p>Listelenen \u00fcr\u00fcnlerimizin \u00e7o\u011fu i\u00e7in ileti\u015fime ge\u00e7ebilece\u011finiz bir WhatsApp Numaras\u0131 da bulabilirsiniz.<\/p><p>L\u00fctfen bu \u00f6zelli\u011fi k\u00f6t\u00fcye kullanmay\u0131n! Yaln\u0131zca i\u015f ama\u00e7l\u0131 ileti\u015fime ge\u00e7in. \u015eikayet al\u0131rsak yasaklanabilirsiniz!<\/p><p>Not: Dahili mesajla\u015fma \u00f6zelli\u011fimizi yaln\u0131zca kay\u0131tl\u0131 kullan\u0131c\u0131lar kullanabilir.<\/p><\/div>\r\n\t\t\t\t<\/div>\r\n\t\t\t<\/div>\r\n\t\t\t\t\t\t\t\t<div class=\"card\">\r\n\t\t\t\t<div class=\"card-header\">\r\n\t\t\t\t\t<a href=\"#\" class=\"collapsed\" data-toggle=\"collapse\" data-target=\"#u-0-00286800-1776007678\" aria-expanded=\"true\"> 5. GPS navigasyon<\/a>\r\n\t\t\t\t<\/div>\r\n\t\t\t\t<div id=\"u-0-00286800-1776007678\" class=\"collapse\" data-parent=\"#u-0-00262500-1776007678\">\r\n\t\t\t\t\t<div class=\"card-body\"><p>\u0130lanlar\u0131m\u0131z\u0131n \u00e7o\u011fu size tam konumunu g\u00f6steren bir harita g\u00f6sterir. G\u00fcvenli bir navigasyon i\u00e7in Google Haritalar'\u0131 kullanman\u0131z\u0131 \u00f6neririz.<br \/>\u0130pucu: Navigasyondan \u00f6nce Veri Kullan\u0131m\u0131n\u0131 kaydetmek i\u00e7in haritay\u0131 Google Haritalar'dan indirin.<\/p><\/div>\r\n\t\t\t\t<\/div>\r\n\t\t\t<\/div>\r\n\t\t\t\t\t\t\t\t<div class=\"card\">\r\n\t\t\t\t<div class=\"card-header\">\r\n\t\t\t\t\t<a href=\"#\" class=\"collapsed\" data-toggle=\"collapse\" data-target=\"#u-0-00289000-1776007678\" aria-expanded=\"true\"> 6. Puan ver<\/a>\r\n\t\t\t\t<\/div>\r\n\t\t\t\t<div id=\"u-0-00289000-1776007678\" class=\"collapse\" data-parent=\"#u-0-00262500-1776007678\">\r\n\t\t\t\t\t<div class=\"card-body\"><p>Platformumuz sat\u0131c\u0131lar ve \u00fcr\u00fcnler hakk\u0131nda puan vermenize ve yorum yapman\u0131za olanak tan\u0131r. Di\u011fer m\u00fc\u015fterilerin deneyiminizden yararlanabilmesi i\u00e7in l\u00fctfen bu \u00f6zelli\u011fi s\u0131k s\u0131k kullan\u0131n.<\/p><p>Not: Yaln\u0131zca kay\u0131tl\u0131 kullan\u0131c\u0131lar puan verebilir ve yorum yapabilir.<\/p><\/div>\r\n\t\t\t\t<\/div>\r\n\t\t\t<\/div>\r\n\t\t\t\t\t\t\t\t<div class=\"card\">\r\n\t\t\t\t<div class=\"card-header\">\r\n\t\t\t\t\t<a href=\"#\" class=\"collapsed\" data-toggle=\"collapse\" data-target=\"#u-0-00291200-1776007678\" aria-expanded=\"true\"> 7. Telif Hakk\u0131 ve Ticari Marka<\/a>\r\n\t\t\t\t<\/div>\r\n\t\t\t\t<div id=\"u-0-00291200-1776007678\" class=\"collapse\" data-parent=\"#u-0-00262500-1776007678\">\r\n\t\t\t\t\t<div class=\"card-body\"><p>Bir \u00dcr\u00fcn Sat\u0131n Ald\u0131\u011f\u0131n\u0131zda:<\/p><p>Platformumuz, sat\u0131c\u0131lar taraf\u0131ndan g\u00f6sterilen \u00fcr\u00fcn ve hizmetlerden sorumlu de\u011fildir. Biz sadece \u00fcr\u00fcnlerin reklam\u0131n\u0131 yap\u0131yoruz ve her birini fiziksel olarak kontrol edemiyoruz! Telif haklar\u0131 veya ticari markalar konusunda garanti veremeyiz.<\/p><\/div>\r\n\t\t\t\t<\/div>\r\n\t\t\t<\/div>\r\n\t\t\t\t\t\t\t\t<div class=\"card\">\r\n\t\t\t\t<div class=\"card-header\">\r\n\t\t\t\t\t<a href=\"#\" class=\"collapsed\" data-toggle=\"collapse\" data-target=\"#u-0-00293300-1776007678\" aria-expanded=\"true\"> 8. \u00dcyelik<\/a>\r\n\t\t\t\t<\/div>\r\n\t\t\t\t<div id=\"u-0-00293300-1776007678\" class=\"collapse\" data-parent=\"#u-0-00262500-1776007678\">\r\n\t\t\t\t\t<div class=\"card-body\"><p>Bir sat\u0131c\u0131 neden \u00fcyelik sat\u0131n almal\u0131?<\/p><p>Yaln\u0131zca \u00fcyeli\u011fe sahip sat\u0131c\u0131lar \u00fcr\u00fcn sat\u0131\u015f\u0131na y\u00f6nelik ilan yay\u0131nlayabilir.<\/p><p>Kay\u0131t formumuzu kullan\u0131n ve e-postan\u0131z\u0131 onaylay\u0131n.<br \/>\"Hesab\u0131m\"\u0131 a\u00e7\u0131n ve ihtiya\u00e7lar\u0131n\u0131za uygun bir \u00fcyelik se\u00e7in. Farkl\u0131 se\u00e7enekler ve fiyatlar i\u00e7in l\u00fctfen bizimle ileti\u015fime ge\u00e7iniz.<br \/>\u00d6deme taraf\u0131m\u0131za ula\u015ft\u0131ktan sonra \u00fcyeli\u011finiz aktif edilecektir.<\/p><p>\u00dcyelik yaln\u0131zca sat\u0131c\u0131lar i\u00e7in gereklidir. Belirli say\u0131da reklam yay\u0131nlaman\u0131za ve bunlar\u0131n tan\u0131t\u0131m\u0131n\u0131 yapman\u0131za olanak tan\u0131yan farkl\u0131 \u00fccretli \u00fcyelik se\u00e7enekleri bulunmaktad\u0131r.<\/p><p>Sadece size en uygun olan\u0131 se\u00e7in. Herhangi bir sorunuz varsa l\u00fctfen bizimle ileti\u015fime ge\u00e7in.<\/p><\/div>\r\n\t\t\t\t<\/div>\r\n\t\t\t<\/div>\r\n\t\t\t\t\t\t\t\t<div class=\"card\">\r\n\t\t\t\t<div class=\"card-header\">\r\n\t\t\t\t\t<a href=\"#\" class=\"collapsed\" data-toggle=\"collapse\" data-target=\"#u-0-00298300-1776007678\" aria-expanded=\"true\"> 9. Sat\u0131\u015f \u0130pu\u00e7lar\u0131<\/a>\r\n\t\t\t\t<\/div>\r\n\t\t\t\t<div id=\"u-0-00298300-1776007678\" class=\"collapse\" data-parent=\"#u-0-00262500-1776007678\">\r\n\t\t\t\t\t<div class=\"card-body\"><p>\u00dcr\u00fcn Sat\u0131\u015f\u0131 \/ Reklam\u0131<\/p><p>Say\u0131n sat\u0131c\u0131lar, l\u00fctfen bu bilgileri dikkatlice okuyunuz. \u00dcr\u00fcnlerinizi h\u0131zl\u0131 bir \u015fekilde satman\u0131za yard\u0131mc\u0131 olacakt\u0131r.<\/p><p>\u00dcr\u00fcnlerinizi yay\u0131nlamadan \u00f6nce ma\u011fazan\u0131zla ilgili t\u00fcm bilgileri girdi\u011finizden emin olun! En \u00f6nemlisi cep telefonu numaras\u0131 ve GPS konumunuzdur.<\/p><p>En iyi ilan sonu\u00e7lar\u0131 i\u00e7in l\u00fctfen:<\/p><p>\u0130yi foto\u011fraflar kullan\u0131n! \u00dcr\u00fcn\u00fc her a\u00e7\u0131dan g\u00f6sterin.<br \/>Detayl\u0131 bilgi yaz\u0131n! Ne kadar az soru a\u00e7\u0131k b\u0131rak\u0131l\u0131rsa o kadar iyidir.<br \/>Rekabet\u00e7i bir fiyat verin! Rekabette makul bir aral\u0131ktaysan\u0131z, m\u00fc\u015fteriniz bunu takdir edecektir.<br \/>Mesajlar\u0131n\u0131za h\u0131zl\u0131 cevap verin! M\u00fc\u015fterinizin beklemesine izin vermeyin.<br \/>Daha iyi sonu\u00e7lar i\u00e7in WOW veya HOT promosyonu gibi pazarlama se\u00e7eneklerimizi kullan\u0131n. Normal ilanlardan \u00e7ok daha fazla g\u00f6r\u00fcnt\u00fcleme elde edeceksiniz.<\/p><p>Platformumuzu kullan\u0131rken sorun ya\u015f\u0131yorsan\u0131z l\u00fctfen destek i\u00e7in bizimle ileti\u015fime ge\u00e7in!<\/p><\/div>\r\n\t\t\t\t<\/div>\r\n\t\t\t<\/div>\r\n\t\t\t<\/div>\r\n<\/div>\t\t\t\t<\/div>\n\t\t\t\t<\/div>\n\t\t\t\t\t<\/div>\n\t\t<\/div>\n\t\t\t\t\t<\/div>\n\t\t<\/div>\n\t\t\t\t<section class=\"elementor-section elementor-top-section elementor-element elementor-element-7cdc0a5 elementor-section-boxed elementor-section-height-default elementor-section-height-default rt-parallax-bg-no\" data-id=\"7cdc0a5\" data-element_type=\"section\">\n\t\t\t\t\t\t<div class=\"elementor-container elementor-column-gap-default\">\n\t\t\t\t\t<div class=\"elementor-column elementor-col-100 elementor-top-column elementor-element elementor-element-ad4d276\" data-id=\"ad4d276\" data-element_type=\"column\">\n\t\t\t<div class=\"elementor-widget-wrap elementor-element-populated\">\n\t\t\t\t\t\t<div class=\"elementor-element elementor-element-7578ad4 elementor-share-buttons--shape-rounded elementor-share-buttons--align-center elementor-share-buttons--view-icon-text elementor-share-buttons--skin-gradient elementor-grid-0 elementor-share-buttons--color-official elementor-widget elementor-widget-share-buttons\" data-id=\"7578ad4\" data-element_type=\"widget\" data-widget_type=\"share-buttons.default\">\n\t\t\t\t<div class=\"elementor-widget-container\">\n\t\t\t\t\t\t\t<div class=\"elementor-grid\" role=\"list\">\n\t\t\t\t\t\t\t\t<div class=\"elementor-grid-item\" role=\"listitem\">\n\t\t\t\t\t\t<div class=\"elementor-share-btn elementor-share-btn_whatsapp\" role=\"button\" tabindex=\"0\" aria-label=\"Share on whatsapp\">\n\t\t\t\t\t\t\t\t\t\t\t\t\t\t\t<span class=\"elementor-share-btn__icon\">\n\t\t\t\t\t\t\t\t<i class=\"fab fa-whatsapp\" aria-hidden=\"true\"><\/i>\t\t\t\t\t\t\t<\/span>\n\t\t\t\t\t\t\t\t\t\t\t\t\t\t\t\t\t\t\t\t\t\t<div class=\"elementor-share-btn__text\">\n\t\t\t\t\t\t\t\t\t\t\t\t\t\t\t\t\t\t\t<span class=\"elementor-share-btn__title\">\n\t\t\t\t\t\t\t\t\t\tWhatsApp\t\t\t\t\t\t\t\t\t<\/span>\n\t\t\t\t\t\t\t\t\t\t\t\t\t\t\t\t\t<\/div>\n\t\t\t\t\t\t\t\t\t\t\t\t\t<\/div>\n\t\t\t\t\t<\/div>\n\t\t\t\t\t\t\t\t\t<div class=\"elementor-grid-item\" role=\"listitem\">\n\t\t\t\t\t\t<div class=\"elementor-share-btn elementor-share-btn_facebook\" role=\"button\" tabindex=\"0\" aria-label=\"Share on facebook\">\n\t\t\t\t\t\t\t\t\t\t\t\t\t\t\t<span class=\"elementor-share-btn__icon\">\n\t\t\t\t\t\t\t\t<i class=\"fab fa-facebook\" aria-hidden=\"true\"><\/i>\t\t\t\t\t\t\t<\/span>\n\t\t\t\t\t\t\t\t\t\t\t\t\t\t\t\t\t\t\t\t\t\t<div class=\"elementor-share-btn__text\">\n\t\t\t\t\t\t\t\t\t\t\t\t\t\t\t\t\t\t\t<span class=\"elementor-share-btn__title\">\n\t\t\t\t\t\t\t\t\t\tFacebook\t\t\t\t\t\t\t\t\t<\/span>\n\t\t\t\t\t\t\t\t\t\t\t\t\t\t\t\t\t<\/div>\n\t\t\t\t\t\t\t\t\t\t\t\t\t<\/div>\n\t\t\t\t\t<\/div>\n\t\t\t\t\t\t\t\t\t<div class=\"elementor-grid-item\" role=\"listitem\">\n\t\t\t\t\t\t<div class=\"elementor-share-btn elementor-share-btn_telegram\" role=\"button\" tabindex=\"0\" aria-label=\"Share on telegram\">\n\t\t\t\t\t\t\t\t\t\t\t\t\t\t\t<span class=\"elementor-share-btn__icon\">\n\t\t\t\t\t\t\t\t<i class=\"fab fa-telegram\" aria-hidden=\"true\"><\/i>\t\t\t\t\t\t\t<\/span>\n\t\t\t\t\t\t\t\t\t\t\t\t\t\t\t\t\t\t\t\t\t\t<div class=\"elementor-share-btn__text\">\n\t\t\t\t\t\t\t\t\t\t\t\t\t\t\t\t\t\t\t<span class=\"elementor-share-btn__title\">\n\t\t\t\t\t\t\t\t\t\tTelegram\t\t\t\t\t\t\t\t\t<\/span>\n\t\t\t\t\t\t\t\t\t\t\t\t\t\t\t\t\t<\/div>\n\t\t\t\t\t\t\t\t\t\t\t\t\t<\/div>\n\t\t\t\t\t<\/div>\n\t\t\t\t\t\t\t\t\t<div class=\"elementor-grid-item\" role=\"listitem\">\n\t\t\t\t\t\t<div class=\"elementor-share-btn elementor-share-btn_vk\" role=\"button\" tabindex=\"0\" aria-label=\"Share on vk\">\n\t\t\t\t\t\t\t\t\t\t\t\t\t\t\t<span class=\"elementor-share-btn__icon\">\n\t\t\t\t\t\t\t\t<i class=\"fab fa-vk\" aria-hidden=\"true\"><\/i>\t\t\t\t\t\t\t<\/span>\n\t\t\t\t\t\t\t\t\t\t\t\t\t\t\t\t\t\t\t\t\t\t<div class=\"elementor-share-btn__text\">\n\t\t\t\t\t\t\t\t\t\t\t\t\t\t\t\t\t\t\t<span class=\"elementor-share-btn__title\">\n\t\t\t\t\t\t\t\t\t\tVK\t\t\t\t\t\t\t\t\t<\/span>\n\t\t\t\t\t\t\t\t\t\t\t\t\t\t\t\t\t<\/div>\n\t\t\t\t\t\t\t\t\t\t\t\t\t<\/div>\n\t\t\t\t\t<\/div>\n\t\t\t\t\t\t<\/div>\n\t\t\t\t\t\t<\/div>\n\t\t\t\t<\/div>\n\t\t\t\t\t<\/div>\n\t\t<\/div>\n\t\t\t\t\t<\/div>\n\t\t<\/section>\n\t\t\t\t<\/div>\n\t\t","protected":false},"excerpt":{"rendered":"<p>S\u0131k\u00e7a Sorulan Sorular Platformumuzda en s\u0131k sorulan sorular. L\u00fctfen cevaplar\u0131 dikkatlice kontrol edin. Sorununuzu \u00e7\u00f6zmedilerse, l\u00fctfen ileti\u015fim formunu kullan\u0131n, en k\u0131sa s\u00fcrede size geri d\u00f6nece\u011fiz. Te\u015fekk\u00fcrler! 1. Ara ve Sat\u0131n Al \u00dcr\u00fcn Nas\u0131l Sat\u0131n Al\u0131n\u0131r? Harika bir f\u0131rsat elde etmenin en iyi yolu, arama \u00e7ubu\u011fu \u00f6zelliklerimizi kullanmakt\u0131r: Alan\u0131 s\u0131n\u0131rlay\u0131nBir anahtar kelime girinB\u00f6lgenize ili\u015fkin sonu\u00e7lar\u0131 inceleyin<\/p>\n","protected":false},"author":14,"featured_media":0,"parent":0,"menu_order":0,"comment_status":"closed","ping_status":"closed","template":"","meta":{"_rtcl_gb_attr":"","footnotes":""},"class_list":["post-4637","page","type-page","status-publish","hentry"],"_links":{"self":[{"href":"https:\/\/tedder-global.com\/tr\/wp-json\/wp\/v2\/pages\/4637","targetHints":{"allow":["GET"]}}],"collection":[{"href":"https:\/\/tedder-global.com\/tr\/wp-json\/wp\/v2\/pages"}],"about":[{"href":"https:\/\/tedder-global.com\/tr\/wp-json\/wp\/v2\/types\/page"}],"author":[{"embeddable":true,"href":"https:\/\/tedder-global.com\/tr\/wp-json\/wp\/v2\/users\/14"}],"replies":[{"embeddable":true,"href":"https:\/\/tedder-global.com\/tr\/wp-json\/wp\/v2\/comments?post=4637"}],"version-history":[{"count":5,"href":"https:\/\/tedder-global.com\/tr\/wp-json\/wp\/v2\/pages\/4637\/revisions"}],"predecessor-version":[{"id":66295,"href":"https:\/\/tedder-global.com\/tr\/wp-json\/wp\/v2\/pages\/4637\/revisions\/66295"}],"wp:attachment":[{"href":"https:\/\/tedder-global.com\/tr\/wp-json\/wp\/v2\/media?parent=4637"}],"curies":[{"name":"wp","href":"https:\/\/api.w.org\/{rel}","templated":true}]}}