{"id":4634,"date":"2018-07-06T09:38:50","date_gmt":"2018-07-06T06:38:50","guid":{"rendered":"http:\/\/tedder-global.com\/hesabim\/"},"modified":"2025-08-23T18:20:12","modified_gmt":"2025-08-23T15:20:12","slug":"hesabim","status":"publish","type":"page","link":"https:\/\/tedder-global.com\/tr\/hesabim\/","title":{"rendered":"Hesab\u0131m"},"content":{"rendered":"<div class=\"rtcl\">\n<div id=\"rtcl-user-login-wrapper\"\n\t class=\"separate-registration-form\">\n\n\t\n\t<div class=\"rtcl-login-form-wrap\">\n\t\t<h2>Giri\u015f yap<\/h2>\n\t\t<form id=\"rtcl-login-form\" class=\"form-horizontal\" method=\"post\">\n\t\t\t\t\t\t<div class=\"rtcl-form-group\">\n\t\t\t\t<label for=\"rtcl-user-login\" class=\"rtcl-field-label\">\n\t\t\t\t\tKullan\u0131c\u0131 ad\u0131 ya da email\t\t\t\t\t<strong class=\"rtcl-required\">*<\/strong>\n\t\t\t\t<\/label>\n\t\t\t\t<input type=\"text\" name=\"username\" autocomplete=\"username\"\n\t\t\t\t\t   value=\"\"\n\t\t\t\t\t   id=\"rtcl-user-login\" class=\"rtcl-form-control\" required\/>\n\t\t\t<\/div>\n\n\t\t\t<div class=\"rtcl-form-group\">\n\t\t\t\t<label for=\"rtcl-user-pass\" class=\"rtcl-field-label\">\n\t\t\t\t\tParola\t\t\t\t\t<strong class=\"rtcl-required\">*<\/strong>\n\t\t\t\t<\/label>\n\t\t\t\t<div class=\"rtcl-user-pass-wrap\">\n\t\t\t\t\t<input type=\"password\" name=\"password\" id=\"rtcl-user-pass\" autocomplete=\"current-password\"\n\t\t\t\t\t\t   class=\"rtcl-form-control\" required\/>\n\t\t\t\t\t<span class=\"rtcl-toggle-pass rtcl-icon-eye-off\"><\/span>\n\t\t\t\t<\/div>\n\t\t\t<\/div>\n\n\t\t\t\n\t\t\t<div class=\"rtcl-form-group\">\n\t\t\t\t<div id=\"rtcl-login-g-recaptcha\"><\/div>\n\t\t\t\t<div id=\"rtcl-login-g-recaptcha-message\"><\/div>\n\t\t\t<\/div>\n\n\t\t\t<div class=\"rtcl-form-group rtcl-login-form-submit-wrap\">\n\n\t\t\t\t<button type=\"submit\" name=\"rtcl-login\" class=\"rtcl-btn\" value=\"login\">\n\t\t\t\t\tGiri\u015f yap\t\t\t\t<\/button>\n\t\t\t\t<div class=\"form-check\">\n\t\t\t\t\t<input type=\"checkbox\" name=\"rememberme\" id=\"rtcl-rememberme\" value=\"forever\">\n\t\t\t\t\t<label class=\"rtcl-form-check-label\" for=\"rtcl-rememberme\">\n\t\t\t\t\t\tBeni hat\u0131rla\t\t\t\t\t<\/label>\n\t\t\t\t<\/div>\n\t\t\t<\/div>\n\t\t\t<div class=\"rtcl-form-group rtcl-form-group-no-margin-bottom\">\n\t\t\t\t<p class=\"rtcl-forgot-password\">\n\t\t\t\t\t\t\t\t\t\t\t<a href=\"https:\/\/tedder-global.com\/tr\/hesabim\/registration\/\">Kay\u0131t ol<\/a><span>|<\/span>\n\t\t\t\t\t\t\t\t\t\t<a href=\"https:\/\/tedder-global.com\/tr\/hesabim\/parolanizi-mi-unuttunuz\/\">Parolan\u0131z\u0131 m\u0131 unuttunuz ?<\/a>\n\t\t\t\t<\/p>\n\t\t\t<\/div>\n\t\t\t<input type=\"hidden\" id=\"rtcl-login-nonce\" name=\"rtcl-login-nonce\" value=\"1f71a0d5b4\" \/><input type=\"hidden\" name=\"_wp_http_referer\" value=\"\/tr\/wp-json\/wp\/v2\/pages\/4634\" \/><input type=\"hidden\" name=\"redirect_to\" value=\"https:\/\/tedder-global.com\/tr\/wp-json\/wp\/v2\/pages\/4634\" \/>\t\t<\/form>\n\t<\/div>\n\t<\/div>\n<\/div>\n","protected":false},"excerpt":{"rendered":"","protected":false},"author":1,"featured_media":0,"parent":0,"menu_order":0,"comment_status":"closed","ping_status":"closed","template":"","meta":{"_rtcl_gb_attr":"","footnotes":""},"class_list":["post-4634","page","type-page","status-publish","hentry"],"_links":{"self":[{"href":"https:\/\/tedder-global.com\/tr\/wp-json\/wp\/v2\/pages\/4634","targetHints":{"allow":["GET"]}}],"collection":[{"href":"https:\/\/tedder-global.com\/tr\/wp-json\/wp\/v2\/pages"}],"about":[{"href":"https:\/\/tedder-global.com\/tr\/wp-json\/wp\/v2\/types\/page"}],"author":[{"embeddable":true,"href":"https:\/\/tedder-global.com\/tr\/wp-json\/wp\/v2\/users\/1"}],"replies":[{"embeddable":true,"href":"https:\/\/tedder-global.com\/tr\/wp-json\/wp\/v2\/comments?post=4634"}],"version-history":[{"count":1,"href":"https:\/\/tedder-global.com\/tr\/wp-json\/wp\/v2\/pages\/4634\/revisions"}],"predecessor-version":[{"id":23051,"href":"https:\/\/tedder-global.com\/tr\/wp-json\/wp\/v2\/pages\/4634\/revisions\/23051"}],"wp:attachment":[{"href":"https:\/\/tedder-global.com\/tr\/wp-json\/wp\/v2\/media?parent=4634"}],"curies":[{"name":"wp","href":"https:\/\/api.w.org\/{rel}","templated":true}]}}