{"id":4624,"date":"2022-11-05T08:56:00","date_gmt":"2022-11-05T05:56:00","guid":{"rendered":"http:\/\/tedder-global.com\/hakkimizda\/"},"modified":"2023-11-16T15:05:48","modified_gmt":"2023-11-16T12:05:48","slug":"hakkimizda","status":"publish","type":"page","link":"https:\/\/tedder-global.com\/tr\/hakkimizda\/","title":{"rendered":"Hakk\u0131m\u0131zda"},"content":{"rendered":"\t\t<div data-elementor-type=\"wp-page\" data-elementor-id=\"4624\" class=\"elementor elementor-4624 elementor-919\" data-elementor-post-type=\"page\">\n\t\t\t\t\t\t<section class=\"elementor-section elementor-top-section elementor-element elementor-element-2af8600 elementor-section-boxed elementor-section-height-default elementor-section-height-default rt-parallax-bg-no\" data-id=\"2af8600\" data-element_type=\"section\">\n\t\t\t\t\t\t<div class=\"elementor-container elementor-column-gap-default\">\n\t\t\t\t\t<div class=\"elementor-column elementor-col-50 elementor-top-column elementor-element elementor-element-be6bd06\" data-id=\"be6bd06\" data-element_type=\"column\">\n\t\t\t<div class=\"elementor-widget-wrap elementor-element-populated\">\n\t\t\t\t\t\t<div class=\"elementor-element elementor-element-4dd5ff7 elementor-widget elementor-widget-text-editor\" data-id=\"4dd5ff7\" data-element_type=\"widget\" data-widget_type=\"text-editor.default\">\n\t\t\t\t<div class=\"elementor-widget-container\">\n\t\t\t\t\t\t\t\t\t<h2><strong>Hakk\u0131m\u0131zda<\/strong><\/h2><p><strong>Tedder-Global.com, turistik b\u00f6lgelerde ticareti kolayla\u015ft\u0131rmak amac\u0131yla 2022 y\u0131l\u0131nda Antalya&#8217;da kurulmu\u015ftur<\/strong> . M\u00fc\u015fterilere ve sat\u0131c\u0131lara ayn\u0131 anda yard\u0131mc\u0131 olan bir platform olu\u015fturduk. Arama Se\u00e7enekleri, Canl\u0131 Sohbet, Payla\u015f\u0131m D\u00fc\u011fmeleri ve GPS Konumlar\u0131 gibi g\u00fc\u00e7l\u00fc \u00f6zellikler, sat\u0131n alma ve sat\u0131\u015f s\u00fcrecini \u00e7ok daha keyifli ve rahat hale getirmeye yard\u0131mc\u0131 olur.<\/p><p>Uygulamalar\u0131m\u0131z bir\u00e7ok harika \u00f6zelli\u011fe sahiptir ve kullan\u0131m\u0131 kolayd\u0131r. L\u00fctfen bunlar\u0131 indirmeyi d\u00fc\u015f\u00fcn\u00fcn.<\/p><p>\u015eirketimizin uluslararas\u0131 karakteri, turizmde uzun y\u0131llara dayanan tecr\u00fcbeyi yans\u0131tmaktad\u0131r. Bir\u00e7ok \u00fclkeden insanlar\u0131n g\u00fczel destinasyonlar\u0131n ve deneyimlerin tad\u0131n\u0131 \u00e7\u0131karmak i\u00e7in bir araya geldi\u011fi b\u00fcy\u00fcyen bir toplulu\u011fun par\u00e7as\u0131 olmay\u0131 umuyoruz.<\/p><p><strong>Tatilinizi g\u00fczelle\u015ftirmek bizim i\u015fimiz!<\/strong><\/p><p><em>Ted Goehring <\/em><\/p><p>ted.goehring@tedder-global.com<\/p>\t\t\t\t\t\t\t\t<\/div>\n\t\t\t\t<\/div>\n\t\t\t\t<div class=\"elementor-element elementor-element-5970e61 elementor-widget elementor-widget-text-editor\" data-id=\"5970e61\" data-element_type=\"widget\" data-widget_type=\"text-editor.default\">\n\t\t\t\t<div class=\"elementor-widget-container\">\n\t\t\t\t\t\t\t\t\t<h3>Ne Yap\u0131yoruz<\/h3>\n<p>M\u00fc\u015fterileri ve ticareti dijital ve yerel olarak tek bir yerde birle\u015ftiriyoruz. Size en yak\u0131n f\u0131rsatlar\u0131 bulman\u0131za yard\u0131mc\u0131 oluyoruz!<\/p>\n\t\t\t\t\t\t\t\t<\/div>\n\t\t\t\t<\/div>\n\t\t\t\t\t<\/div>\n\t\t<\/div>\n\t\t\t\t<div class=\"elementor-column elementor-col-50 elementor-top-column elementor-element elementor-element-0047368\" data-id=\"0047368\" data-element_type=\"column\">\n\t\t\t<div class=\"elementor-widget-wrap elementor-element-populated\">\n\t\t\t\t\t\t<div class=\"elementor-element elementor-element-514e4f6 elementor-widget elementor-widget-image\" data-id=\"514e4f6\" data-element_type=\"widget\" data-widget_type=\"image.default\">\n\t\t\t\t<div class=\"elementor-widget-container\">\n\t\t\t\t\t\t\t\t\t\t\t\t\t\t\t<img fetchpriority=\"high\" decoding=\"async\" width=\"474\" height=\"316\" src=\"https:\/\/tedder-global.com\/wp-content\/uploads\/2020\/07\/discount_shopping.jpg\" class=\"attachment-medium_large size-medium_large wp-image-4114\" alt=\"\" srcset=\"https:\/\/tedder-global.com\/wp-content\/uploads\/2020\/07\/discount_shopping.jpg 474w, https:\/\/tedder-global.com\/wp-content\/uploads\/2020\/07\/discount_shopping-300x200.jpg 300w, https:\/\/tedder-global.com\/wp-content\/uploads\/2020\/07\/discount_shopping-180x120.jpg 180w\" sizes=\"(max-width: 474px) 100vw, 474px\" title=\"\" \/>\t\t\t\t\t\t\t\t\t\t\t\t\t\t\t<\/div>\n\t\t\t\t<\/div>\n\t\t\t\t\t<\/div>\n\t\t<\/div>\n\t\t\t\t\t<\/div>\n\t\t<\/section>\n\t\t\t\t<section class=\"elementor-section elementor-top-section elementor-element elementor-element-5805e8d elementor-section-boxed elementor-section-height-default elementor-section-height-default rt-parallax-bg-no\" data-id=\"5805e8d\" data-element_type=\"section\" data-settings=\"{&quot;background_background&quot;:&quot;classic&quot;}\">\n\t\t\t\t\t\t<div class=\"elementor-container elementor-column-gap-default\">\n\t\t\t\t\t<div class=\"elementor-column elementor-col-100 elementor-top-column elementor-element elementor-element-f8e8ecd\" data-id=\"f8e8ecd\" data-element_type=\"column\">\n\t\t\t<div class=\"elementor-widget-wrap elementor-element-populated\">\n\t\t\t\t\t\t<div class=\"elementor-element elementor-element-87e171b elementor-widget elementor-widget-rt-title\" data-id=\"87e171b\" data-element_type=\"widget\" data-widget_type=\"rt-title.default\">\n\t\t\t\t<div class=\"elementor-widget-container\">\n\t\t\t\t\t<div class=\"rt-el-title rtin-style-1\">\r\n\t<h2 class=\"rtin-title\">Nas\u0131l Sat\u0131l\u0131r<\/h2>\r\n\t<\/div>\t\t\t\t<\/div>\n\t\t\t\t<\/div>\n\t\t\t\t<section class=\"elementor-section elementor-inner-section elementor-element elementor-element-523875b elementor-section-boxed elementor-section-height-default elementor-section-height-default rt-parallax-bg-no\" data-id=\"523875b\" data-element_type=\"section\">\n\t\t\t\t\t\t<div class=\"elementor-container elementor-column-gap-default\">\n\t\t\t\t\t<div class=\"elementor-column elementor-col-25 elementor-inner-column elementor-element elementor-element-53e6a8a\" data-id=\"53e6a8a\" data-element_type=\"column\">\n\t\t\t<div class=\"elementor-widget-wrap elementor-element-populated\">\n\t\t\t\t\t\t<div class=\"elementor-element elementor-element-e29c25e elementor-widget elementor-widget-rt-info-box\" data-id=\"e29c25e\" data-element_type=\"widget\" data-widget_type=\"rt-info-box.default\">\n\t\t\t\t<div class=\"elementor-widget-container\">\n\t\t\t\t\t\r\n\r\n    <div class=\"rt-el-info-box\">\r\n        <div class=\"rtin-icon\"><a href=\"https:\/\/tedder-global.com\/tr\/hesabim\/\" target=\"_blank\"><i class=\"fa fa-user\" aria-hidden=\"true\"><\/i><\/a><\/div>\r\n        <div class=\"rtin-content\">\r\n            <h3 class=\"rtin-title\"><a href=\"https:\/\/tedder-global.com\/tr\/hesabim\/\" target=\"_blank\">Hesap olu\u015fturmak<\/a><\/h3>\r\n                            <p class=\"rtin-text\">Platformumuzun t\u00fcm \u00f6zelliklerine eri\u015febilmek i\u00e7in l\u00fctfen \u00f6ncelikle bir hesap olu\u015fturun. KULLANICI ADI DE\u011e\u0130\u015eT\u0130R\u0130LEMEZ<\/p>\r\n                    <\/div>\r\n    <\/div>\r\n\r\n\t\t\t\t<\/div>\n\t\t\t\t<\/div>\n\t\t\t\t\t<\/div>\n\t\t<\/div>\n\t\t\t\t<div class=\"elementor-column elementor-col-25 elementor-inner-column elementor-element elementor-element-6b2a9c7\" data-id=\"6b2a9c7\" data-element_type=\"column\">\n\t\t\t<div class=\"elementor-widget-wrap elementor-element-populated\">\n\t\t\t\t\t\t<div class=\"elementor-element elementor-element-37c907f elementor-widget elementor-widget-rt-info-box\" data-id=\"37c907f\" data-element_type=\"widget\" data-widget_type=\"rt-info-box.default\">\n\t\t\t\t<div class=\"elementor-widget-container\">\n\t\t\t\t\t\r\n\r\n    <div class=\"rt-el-info-box\">\r\n        <div class=\"rtin-icon\"><a href=\"https:\/\/tedder-global.com\/tr\/ilan-ver\/\" target=\"_blank\"><i class=\"fa fa-pencil\" aria-hidden=\"true\"><\/i><\/a><\/div>\r\n        <div class=\"rtin-content\">\r\n            <h3 class=\"rtin-title\"><a href=\"https:\/\/tedder-global.com\/tr\/ilan-ver\/\" target=\"_blank\">\u0130lan\u0131n\u0131z\u0131 yay\u0131nlay\u0131n<\/a><\/h3>\r\n                            <p class=\"rtin-text\">Size en uygun \u00fcyelik paketini sat\u0131n ald\u0131ktan sonra satmak istedi\u011finiz e\u015fyalar\u0131 yay\u0131nlamaya ba\u015flay\u0131n. Kulland\u0131\u011f\u0131n\u0131z resimlerin \u00e7ok \u00f6nemli oldu\u011funu unutmay\u0131n!<\/p>\r\n                    <\/div>\r\n    <\/div>\r\n\r\n\t\t\t\t<\/div>\n\t\t\t\t<\/div>\n\t\t\t\t\t<\/div>\n\t\t<\/div>\n\t\t\t\t<div class=\"elementor-column elementor-col-25 elementor-inner-column elementor-element elementor-element-f849458\" data-id=\"f849458\" data-element_type=\"column\">\n\t\t\t<div class=\"elementor-widget-wrap elementor-element-populated\">\n\t\t\t\t\t\t<div class=\"elementor-element elementor-element-75a6434 elementor-widget elementor-widget-rt-info-box\" data-id=\"75a6434\" data-element_type=\"widget\" data-widget_type=\"rt-info-box.default\">\n\t\t\t\t<div class=\"elementor-widget-container\">\n\t\t\t\t\t\r\n\r\n    <div class=\"rt-el-info-box\">\r\n        <div class=\"rtin-icon\"><a href=\"https:\/\/tedder-global.com\/tr\/hesabim\/sohbet\/\" target=\"_blank\"><i class=\"fa fa-volume-up\" aria-hidden=\"true\"><\/i><\/a><\/div>\r\n        <div class=\"rtin-content\">\r\n            <h3 class=\"rtin-title\"><a href=\"https:\/\/tedder-global.com\/tr\/hesabim\/sohbet\/\" target=\"_blank\">Mesajlar\u0131 al<\/a><\/h3>\r\n                            <p class=\"rtin-text\">M\u00fc\u015fteriler \u00fcr\u00fcnlerinizle ilgilendiklerinde hemen sizinle ileti\u015fime ge\u00e7ebilir veya ma\u011fazan\u0131za gelebilirler. M\u00fc\u015fterilerimizi her zaman \u00f6ncelikle sohbet i\u015flevlerini kullanmaya te\u015fvik ediyoruz.<\/p>\r\n                    <\/div>\r\n    <\/div>\r\n\r\n\t\t\t\t<\/div>\n\t\t\t\t<\/div>\n\t\t\t\t\t<\/div>\n\t\t<\/div>\n\t\t\t\t<div class=\"elementor-column elementor-col-25 elementor-inner-column elementor-element elementor-element-daff55c\" data-id=\"daff55c\" data-element_type=\"column\">\n\t\t\t<div class=\"elementor-widget-wrap elementor-element-populated\">\n\t\t\t\t\t\t<div class=\"elementor-element elementor-element-9549623 elementor-widget elementor-widget-rt-info-box\" data-id=\"9549623\" data-element_type=\"widget\" data-widget_type=\"rt-info-box.default\">\n\t\t\t\t<div class=\"elementor-widget-container\">\n\t\t\t\t\t\r\n\r\n    <div class=\"rt-el-info-box\">\r\n        <div class=\"rtin-icon\"><a href=\"https:\/\/tedder-global.com\/tr\/tum-ilanlar\/?view=grid&ls=1\" target=\"_blank\"><i class=\"fa fa-eur\" aria-hidden=\"true\"><\/i><\/a><\/div>\r\n        <div class=\"rtin-content\">\r\n            <h3 class=\"rtin-title\"><a href=\"https:\/\/tedder-global.com\/tr\/tum-ilanlar\/?view=grid&amp;ls=1\" target=\"_blank\">\u00dcr\u00fcnlerinizi Sat\u0131n<\/a><\/h3>\r\n                            <p class=\"rtin-text\">M\u00fc\u015fterileriniz \u00fcr\u00fcnleri sat\u0131n almaya geldi\u011finde l\u00fctfen onlara ma\u011fazan\u0131z i\u00e7in puan b\u0131rakmalar\u0131n\u0131 hat\u0131rlat\u0131n. Di\u011fer m\u00fc\u015fteriler buna minnettar olacak!<\/p>\r\n                    <\/div>\r\n    <\/div>\r\n\r\n\t\t\t\t<\/div>\n\t\t\t\t<\/div>\n\t\t\t\t\t<\/div>\n\t\t<\/div>\n\t\t\t\t\t<\/div>\n\t\t<\/section>\n\t\t\t\t\t<\/div>\n\t\t<\/div>\n\t\t\t\t\t<\/div>\n\t\t<\/section>\n\t\t\t\t<div class=\"elementor-section elementor-top-section elementor-element elementor-element-d343a90 elementor-section-boxed elementor-section-height-default elementor-section-height-default rt-parallax-bg-no\" data-id=\"d343a90\" data-element_type=\"section\" data-settings=\"{&quot;background_background&quot;:&quot;classic&quot;}\">\n\t\t\t\t\t\t<div class=\"elementor-container elementor-column-gap-default\">\n\t\t\t\t\t<div class=\"elementor-column elementor-col-100 elementor-top-column elementor-element elementor-element-6d9184f\" data-id=\"6d9184f\" data-element_type=\"column\">\n\t\t\t<div class=\"elementor-widget-wrap elementor-element-populated\">\n\t\t\t\t\t\t<div class=\"elementor-element elementor-element-e271e2d elementor-widget elementor-widget-rt-title\" data-id=\"e271e2d\" data-element_type=\"widget\" data-widget_type=\"rt-title.default\">\n\t\t\t\t<div class=\"elementor-widget-container\">\n\t\t\t\t\t<div class=\"rt-el-title rtin-style-3\">\r\n\t\t<h2 class=\"rtin-title\">M\u00fc\u015fterilerimizin bizim hakk\u0131m\u0131zda s\u00f6yledikleri<\/h2>\r\n<\/div>\t\t\t\t<\/div>\n\t\t\t\t<\/div>\n\t\t\t\t<section class=\"elementor-section elementor-inner-section elementor-element elementor-element-2951dcf elementor-section-boxed elementor-section-height-default elementor-section-height-default rt-parallax-bg-no\" data-id=\"2951dcf\" data-element_type=\"section\">\n\t\t\t\t\t\t<div class=\"elementor-container elementor-column-gap-default\">\n\t\t\t\t\t<div class=\"elementor-column elementor-col-33 elementor-inner-column elementor-element elementor-element-86734aa\" data-id=\"86734aa\" data-element_type=\"column\">\n\t\t\t<div class=\"elementor-widget-wrap elementor-element-populated\">\n\t\t\t\t\t\t<div class=\"elementor-element elementor-element-247bc19 elementor-widget elementor-widget-rt-testimonial-1\" data-id=\"247bc19\" data-element_type=\"widget\" data-widget_type=\"rt-testimonial-1.default\">\n\t\t\t\t<div class=\"elementor-widget-container\">\n\t\t\t\t\t<div class=\"rt-el-testimonial-1\">\r\n\t<p class=\"rtin-content\">Uzun y\u0131llar turizm sekt\u00f6r\u00fcnde \u00e7al\u0131\u015fm\u0131\u015f biri olarak bu platforma a\u00e7\u0131k\u00e7as\u0131 hayret ediyorum. Bu harika! Bunu neden daha \u00f6nce yapmad\u0131k?<\/p>\r\n\t\t\t<div class=\"rtin-thumb\"><img decoding=\"async\" width=\"150\" height=\"150\" src=\"https:\/\/tedder-global.com\/wp-content\/uploads\/2019\/10\/18126e7bd3f84b3f3e4df094def5b7de-150x150.jpg\" class=\"attachment-thumbnail size-thumbnail\" alt=\"\" title=\"\" \/><\/div>\r\n\t\t<h3 class=\"rtin-name\">Efe Can<\/h3>\r\n\t\t\t<div class=\"rtin-designation\">Y\u00f6netici, Kiral\u0131k Ara\u00e7lar<\/div>\r\n\t<\/div>\t\t\t\t<\/div>\n\t\t\t\t<\/div>\n\t\t\t\t\t<\/div>\n\t\t<\/div>\n\t\t\t\t<div class=\"elementor-column elementor-col-33 elementor-inner-column elementor-element elementor-element-587aaf6\" data-id=\"587aaf6\" data-element_type=\"column\">\n\t\t\t<div class=\"elementor-widget-wrap elementor-element-populated\">\n\t\t\t\t\t\t<div class=\"elementor-element elementor-element-6aa3449 elementor-widget elementor-widget-rt-testimonial-1\" data-id=\"6aa3449\" data-element_type=\"widget\" data-widget_type=\"rt-testimonial-1.default\">\n\t\t\t\t<div class=\"elementor-widget-container\">\n\t\t\t\t\t<div class=\"rt-el-testimonial-1\">\r\n\t<p class=\"rtin-content\">Orijinal \u0130talyan yemekleriyle ilgili \u00e7ok fazla istek al\u0131yorum. Bazen pop\u00fcler yemeklerin nas\u0131l haz\u0131rlanabilece\u011fi hakk\u0131nda sohbet ediyoruz ve ard\u0131ndan misafirlerimiz buraya gelip onlar\u0131 deneyiyor.<\/p>\r\n\t\t\t<div class=\"rtin-thumb\"><img decoding=\"async\" width=\"150\" height=\"150\" src=\"https:\/\/tedder-global.com\/wp-content\/uploads\/2018\/07\/blog_5-150x150.jpg\" class=\"attachment-thumbnail size-thumbnail\" alt=\"\" title=\"\" \/><\/div>\r\n\t\t<h3 class=\"rtin-name\">Mario l\u00b4Aqua<\/h3>\r\n\t\t\t<div class=\"rtin-designation\">\u0130talyan Restoran Sahibi<\/div>\r\n\t<\/div>\t\t\t\t<\/div>\n\t\t\t\t<\/div>\n\t\t\t\t\t<\/div>\n\t\t<\/div>\n\t\t\t\t<div class=\"elementor-column elementor-col-33 elementor-inner-column elementor-element elementor-element-f7ddbc0\" data-id=\"f7ddbc0\" data-element_type=\"column\">\n\t\t\t<div class=\"elementor-widget-wrap elementor-element-populated\">\n\t\t\t\t\t\t<div class=\"elementor-element elementor-element-5a08e6f elementor-widget elementor-widget-rt-testimonial-1\" data-id=\"5a08e6f\" data-element_type=\"widget\" data-widget_type=\"rt-testimonial-1.default\">\n\t\t\t\t<div class=\"elementor-widget-container\">\n\t\t\t\t\t<div class=\"rt-el-testimonial-1\">\r\n\t<p class=\"rtin-content\">Benim i\u015fimde m\u00fc\u015fterinin size g\u00fcvenmesi gerekiyor. Adil bir i\u015f y\u00fcr\u00fct\u00fcyoruz ve art\u0131k bunu ald\u0131\u011f\u0131m\u0131z olumlu de\u011ferlendirmeleri g\u00f6stererek kan\u0131tlayabiliriz. Bu hepimiz i\u00e7in i\u015fi \u00e7ok daha kolayla\u015ft\u0131r\u0131yor!<\/p>\r\n\t\t\t<div class=\"rtin-thumb\"><img loading=\"lazy\" decoding=\"async\" width=\"150\" height=\"150\" src=\"https:\/\/tedder-global.com\/wp-content\/uploads\/2019\/10\/172522ec1028ab781d9dfd17eaca4427-150x150.jpg\" class=\"attachment-thumbnail size-thumbnail\" alt=\"\" title=\"\" \/><\/div>\r\n\t\t<h3 class=\"rtin-name\">Erkan Bekir<\/h3>\r\n\t\t\t<div class=\"rtin-designation\">Y\u00f6netici Kuyumcu Ma\u011fazas\u0131<\/div>\r\n\t<\/div>\t\t\t\t<\/div>\n\t\t\t\t<\/div>\n\t\t\t\t\t<\/div>\n\t\t<\/div>\n\t\t\t\t\t<\/div>\n\t\t<\/section>\n\t\t\t\t\t<\/div>\n\t\t<\/div>\n\t\t\t\t\t<\/div>\n\t\t<\/div>\n\t\t\t\t<div class=\"elementor-section elementor-top-section elementor-element elementor-element-b883bb1 elementor-hidden-desktop elementor-hidden-tablet elementor-hidden-phone elementor-section-boxed elementor-section-height-default elementor-section-height-default rt-parallax-bg-no\" data-id=\"b883bb1\" data-element_type=\"section\" data-settings=\"{&quot;background_background&quot;:&quot;classic&quot;}\">\n\t\t\t\t\t\t<div class=\"elementor-container elementor-column-gap-default\">\n\t\t\t\t\t<div class=\"elementor-column elementor-col-100 elementor-top-column elementor-element elementor-element-cabd325\" data-id=\"cabd325\" data-element_type=\"column\">\n\t\t\t<div class=\"elementor-widget-wrap elementor-element-populated\">\n\t\t\t\t\t\t<div class=\"elementor-element elementor-element-97ca78e elementor-widget elementor-widget-image-carousel\" data-id=\"97ca78e\" data-element_type=\"widget\" data-settings=\"{&quot;slides_to_show&quot;:&quot;4&quot;,&quot;slides_to_scroll&quot;:&quot;1&quot;,&quot;navigation&quot;:&quot;none&quot;,&quot;autoplay&quot;:&quot;yes&quot;,&quot;pause_on_hover&quot;:&quot;yes&quot;,&quot;pause_on_interaction&quot;:&quot;yes&quot;,&quot;autoplay_speed&quot;:5000,&quot;infinite&quot;:&quot;yes&quot;,&quot;speed&quot;:500}\" data-widget_type=\"image-carousel.default\">\n\t\t\t\t<div class=\"elementor-widget-container\">\n\t\t\t\t\t\t\t<div class=\"elementor-image-carousel-wrapper swiper\" role=\"region\" aria-roledescription=\"carousel\" aria-label=\"Resim D\u00f6ng\u00fcs\u00fc\" dir=\"ltr\">\n\t\t\t<div class=\"elementor-image-carousel swiper-wrapper\" aria-live=\"off\">\n\t\t\t\t\t\t\t\t<div class=\"swiper-slide\" role=\"group\" aria-roledescription=\"slide\" aria-label=\"1 \/ 5\"><figure class=\"swiper-slide-inner\"><img decoding=\"async\" class=\"swiper-slide-image\" src=\"https:\/\/tedder-global.com\/wp-content\/uploads\/2018\/11\/1.jpg\" alt=\"\" \/><\/figure><\/div><div class=\"swiper-slide\" role=\"group\" aria-roledescription=\"slide\" aria-label=\"2 \/ 5\"><figure class=\"swiper-slide-inner\"><img decoding=\"async\" class=\"swiper-slide-image\" src=\"https:\/\/tedder-global.com\/wp-content\/uploads\/2018\/11\/6.jpg\" alt=\"\" \/><\/figure><\/div><div class=\"swiper-slide\" role=\"group\" aria-roledescription=\"slide\" aria-label=\"3 \/ 5\"><figure class=\"swiper-slide-inner\"><img decoding=\"async\" class=\"swiper-slide-image\" src=\"https:\/\/tedder-global.com\/wp-content\/uploads\/2018\/11\/2.jpg\" alt=\"\" \/><\/figure><\/div><div class=\"swiper-slide\" role=\"group\" aria-roledescription=\"slide\" aria-label=\"4 \/ 5\"><figure class=\"swiper-slide-inner\"><img decoding=\"async\" class=\"swiper-slide-image\" src=\"https:\/\/tedder-global.com\/wp-content\/uploads\/2018\/11\/3.jpg\" alt=\"\" \/><\/figure><\/div><div class=\"swiper-slide\" role=\"group\" aria-roledescription=\"slide\" aria-label=\"5 \/ 5\"><figure class=\"swiper-slide-inner\"><img decoding=\"async\" class=\"swiper-slide-image\" src=\"https:\/\/tedder-global.com\/wp-content\/uploads\/2018\/11\/4-1.jpg\" alt=\"\" \/><\/figure><\/div>\t\t\t<\/div>\n\t\t\t\t\t\t\t\n\t\t\t\t\t\t\t\t\t<\/div>\n\t\t\t\t\t\t<\/div>\n\t\t\t\t<\/div>\n\t\t\t\t\t<\/div>\n\t\t<\/div>\n\t\t\t\t\t<\/div>\n\t\t<\/div>\n\t\t\t\t<section class=\"elementor-section elementor-top-section elementor-element elementor-element-60bbc2c elementor-section-boxed elementor-section-height-default elementor-section-height-default rt-parallax-bg-no\" data-id=\"60bbc2c\" data-element_type=\"section\">\n\t\t\t\t\t\t<div class=\"elementor-container elementor-column-gap-default\">\n\t\t\t\t\t<div class=\"elementor-column elementor-col-100 elementor-top-column elementor-element elementor-element-238f0de\" data-id=\"238f0de\" data-element_type=\"column\">\n\t\t\t<div class=\"elementor-widget-wrap elementor-element-populated\">\n\t\t\t\t\t\t<div class=\"elementor-element elementor-element-05adbc8 elementor-share-buttons--align-center elementor-share-buttons--view-icon-text elementor-share-buttons--skin-gradient elementor-share-buttons--shape-square elementor-grid-0 elementor-share-buttons--color-official elementor-widget elementor-widget-share-buttons\" data-id=\"05adbc8\" data-element_type=\"widget\" data-widget_type=\"share-buttons.default\">\n\t\t\t\t<div class=\"elementor-widget-container\">\n\t\t\t\t\t\t\t<div class=\"elementor-grid\" role=\"list\">\n\t\t\t\t\t\t\t\t<div class=\"elementor-grid-item\" role=\"listitem\">\n\t\t\t\t\t\t<div class=\"elementor-share-btn elementor-share-btn_facebook\" role=\"button\" tabindex=\"0\" aria-label=\"Share on facebook\">\n\t\t\t\t\t\t\t\t\t\t\t\t\t\t\t<span class=\"elementor-share-btn__icon\">\n\t\t\t\t\t\t\t\t<i class=\"fab fa-facebook\" aria-hidden=\"true\"><\/i>\t\t\t\t\t\t\t<\/span>\n\t\t\t\t\t\t\t\t\t\t\t\t\t\t\t\t\t\t\t\t\t\t<div class=\"elementor-share-btn__text\">\n\t\t\t\t\t\t\t\t\t\t\t\t\t\t\t\t\t\t\t<span class=\"elementor-share-btn__title\">\n\t\t\t\t\t\t\t\t\t\tFacebook\t\t\t\t\t\t\t\t\t<\/span>\n\t\t\t\t\t\t\t\t\t\t\t\t\t\t\t\t\t<\/div>\n\t\t\t\t\t\t\t\t\t\t\t\t\t<\/div>\n\t\t\t\t\t<\/div>\n\t\t\t\t\t\t\t\t\t<div class=\"elementor-grid-item\" role=\"listitem\">\n\t\t\t\t\t\t<div class=\"elementor-share-btn elementor-share-btn_whatsapp\" role=\"button\" tabindex=\"0\" aria-label=\"Share on whatsapp\">\n\t\t\t\t\t\t\t\t\t\t\t\t\t\t\t<span class=\"elementor-share-btn__icon\">\n\t\t\t\t\t\t\t\t<i class=\"fab fa-whatsapp\" aria-hidden=\"true\"><\/i>\t\t\t\t\t\t\t<\/span>\n\t\t\t\t\t\t\t\t\t\t\t\t\t\t\t\t\t\t\t\t\t\t<div class=\"elementor-share-btn__text\">\n\t\t\t\t\t\t\t\t\t\t\t\t\t\t\t\t\t\t\t<span class=\"elementor-share-btn__title\">\n\t\t\t\t\t\t\t\t\t\tWhatsApp\t\t\t\t\t\t\t\t\t<\/span>\n\t\t\t\t\t\t\t\t\t\t\t\t\t\t\t\t\t<\/div>\n\t\t\t\t\t\t\t\t\t\t\t\t\t<\/div>\n\t\t\t\t\t<\/div>\n\t\t\t\t\t\t\t\t\t<div class=\"elementor-grid-item\" role=\"listitem\">\n\t\t\t\t\t\t<div class=\"elementor-share-btn elementor-share-btn_vk\" role=\"button\" tabindex=\"0\" aria-label=\"Share on vk\">\n\t\t\t\t\t\t\t\t\t\t\t\t\t\t\t<span class=\"elementor-share-btn__icon\">\n\t\t\t\t\t\t\t\t<i class=\"fab fa-vk\" aria-hidden=\"true\"><\/i>\t\t\t\t\t\t\t<\/span>\n\t\t\t\t\t\t\t\t\t\t\t\t\t\t\t\t\t\t\t\t\t\t<div class=\"elementor-share-btn__text\">\n\t\t\t\t\t\t\t\t\t\t\t\t\t\t\t\t\t\t\t<span class=\"elementor-share-btn__title\">\n\t\t\t\t\t\t\t\t\t\tVK\t\t\t\t\t\t\t\t\t<\/span>\n\t\t\t\t\t\t\t\t\t\t\t\t\t\t\t\t\t<\/div>\n\t\t\t\t\t\t\t\t\t\t\t\t\t<\/div>\n\t\t\t\t\t<\/div>\n\t\t\t\t\t\t\t\t\t<div class=\"elementor-grid-item\" role=\"listitem\">\n\t\t\t\t\t\t<div class=\"elementor-share-btn elementor-share-btn_telegram\" role=\"button\" tabindex=\"0\" aria-label=\"Share on telegram\">\n\t\t\t\t\t\t\t\t\t\t\t\t\t\t\t<span class=\"elementor-share-btn__icon\">\n\t\t\t\t\t\t\t\t<i class=\"fab fa-telegram\" aria-hidden=\"true\"><\/i>\t\t\t\t\t\t\t<\/span>\n\t\t\t\t\t\t\t\t\t\t\t\t\t\t\t\t\t\t\t\t\t\t<div class=\"elementor-share-btn__text\">\n\t\t\t\t\t\t\t\t\t\t\t\t\t\t\t\t\t\t\t<span class=\"elementor-share-btn__title\">\n\t\t\t\t\t\t\t\t\t\tTelegram\t\t\t\t\t\t\t\t\t<\/span>\n\t\t\t\t\t\t\t\t\t\t\t\t\t\t\t\t\t<\/div>\n\t\t\t\t\t\t\t\t\t\t\t\t\t<\/div>\n\t\t\t\t\t<\/div>\n\t\t\t\t\t\t<\/div>\n\t\t\t\t\t\t<\/div>\n\t\t\t\t<\/div>\n\t\t\t\t\t<\/div>\n\t\t<\/div>\n\t\t\t\t\t<\/div>\n\t\t<\/section>\n\t\t\t\t<\/div>\n\t\t","protected":false},"excerpt":{"rendered":"<p>Hakk\u0131m\u0131zda Tedder-Global.com, turistik b\u00f6lgelerde ticareti kolayla\u015ft\u0131rmak amac\u0131yla 2022 y\u0131l\u0131nda Antalya&#8217;da kurulmu\u015ftur . M\u00fc\u015fterilere ve sat\u0131c\u0131lara ayn\u0131 anda yard\u0131mc\u0131 olan bir platform olu\u015fturduk. Arama Se\u00e7enekleri, Canl\u0131 Sohbet, Payla\u015f\u0131m D\u00fc\u011fmeleri ve GPS Konumlar\u0131 gibi g\u00fc\u00e7l\u00fc \u00f6zellikler, sat\u0131n alma ve sat\u0131\u015f s\u00fcrecini \u00e7ok daha keyifli ve rahat hale getirmeye yard\u0131mc\u0131 olur. Uygulamalar\u0131m\u0131z bir\u00e7ok harika \u00f6zelli\u011fe sahiptir ve kullan\u0131m\u0131<\/p>\n","protected":false},"author":14,"featured_media":0,"parent":0,"menu_order":0,"comment_status":"closed","ping_status":"closed","template":"templates\/blank.php","meta":{"_rtcl_gb_attr":"","footnotes":""},"class_list":["post-4624","page","type-page","status-publish","hentry"],"_links":{"self":[{"href":"https:\/\/tedder-global.com\/tr\/wp-json\/wp\/v2\/pages\/4624","targetHints":{"allow":["GET"]}}],"collection":[{"href":"https:\/\/tedder-global.com\/tr\/wp-json\/wp\/v2\/pages"}],"about":[{"href":"https:\/\/tedder-global.com\/tr\/wp-json\/wp\/v2\/types\/page"}],"author":[{"embeddable":true,"href":"https:\/\/tedder-global.com\/tr\/wp-json\/wp\/v2\/users\/14"}],"replies":[{"embeddable":true,"href":"https:\/\/tedder-global.com\/tr\/wp-json\/wp\/v2\/comments?post=4624"}],"version-history":[{"count":5,"href":"https:\/\/tedder-global.com\/tr\/wp-json\/wp\/v2\/pages\/4624\/revisions"}],"predecessor-version":[{"id":66306,"href":"https:\/\/tedder-global.com\/tr\/wp-json\/wp\/v2\/pages\/4624\/revisions\/66306"}],"wp:attachment":[{"href":"https:\/\/tedder-global.com\/tr\/wp-json\/wp\/v2\/media?parent=4624"}],"curies":[{"name":"wp","href":"https:\/\/api.w.org\/{rel}","templated":true}]}}