{"id":4619,"date":"2020-07-06T09:38:50","date_gmt":"2020-07-06T06:38:50","guid":{"rendered":"http:\/\/tedder-global.com\/ilan-ver\/"},"modified":"2023-04-26T13:41:44","modified_gmt":"2023-04-26T10:41:44","slug":"ilan-ver","status":"publish","type":"page","link":"https:\/\/tedder-global.com\/tr\/ilan-ver\/","title":{"rendered":"\u0130lan Ver"},"content":{"rendered":"\t\t<div data-elementor-type=\"wp-page\" data-elementor-id=\"4619\" class=\"elementor elementor-4619 elementor-6\" data-elementor-post-type=\"page\">\n\t\t\t\t\t\t<section class=\"elementor-section elementor-top-section elementor-element elementor-element-4b53c42d elementor-section-boxed elementor-section-height-default elementor-section-height-default rt-parallax-bg-no\" data-id=\"4b53c42d\" data-element_type=\"section\">\n\t\t\t\t\t\t<div class=\"elementor-container elementor-column-gap-default\">\n\t\t\t\t\t<div class=\"elementor-column elementor-col-100 elementor-top-column elementor-element elementor-element-516fe7bd\" data-id=\"516fe7bd\" data-element_type=\"column\">\n\t\t\t<div class=\"elementor-widget-wrap elementor-element-populated\">\n\t\t\t\t\t\t<div class=\"elementor-element elementor-element-5df4c63a elementor-widget elementor-widget-shortcode\" data-id=\"5df4c63a\" data-element_type=\"widget\" data-widget_type=\"shortcode.default\">\n\t\t\t\t<div class=\"elementor-widget-container\">\n\t\t\t\t\t\t\t<div class=\"elementor-shortcode\">\n          <div class=\"rtcl\"><div class=\"rtcl rtcl-login-form-wrap\" >\n\n\t\t<form class=\"rtcl-form rtcl-login-form\" method=\"post\">\n\n\t\t\n\t\t\n\t\t<div class=\"rtcl-form-group\">\n\t\t\t<label for=\"rtcl-user-login\" class=\"rtcl-field-label\">Kullan\u0131c\u0131 ad\u0131 ya da email<\/label>\n\t\t\t<input type=\"text\" name=\"username\" autocomplete=\"username\"\n\t\t\t\t   value=\"\"\n\t\t\t\t   id=\"rtcl-user-login\" class=\"rtcl-form-control\" required\/>\n\t\t<\/div>\n\n\t\t<div class=\"rtcl-form-group\">\n\t\t\t<label for=\"rtcl-user-pass\" class=\"rtcl-field-label\">\n\t\t\t\tParola\t\t\t<\/label>\n\t\t\t<div class=\"rtcl-user-pass-wrap\">\n\t\t\t\t<input type=\"password\" name=\"password\" id=\"rtcl-user-pass\" autocomplete=\"current-password\"\n\t\t\t\t\t   class=\"rtcl-form-control\" required\/>\n\t\t\t\t<span class=\"rtcl-toggle-pass rtcl-icon-eye-off\"><\/span>\n\t\t\t<\/div>\n\t\t<\/div>\n\n\t\t\n\t\t<div class=\"rtcl-form-group\">\n\t\t\t<div id=\"rtcl-login-g-recaptcha\" class=\"mb-2\"><\/div>\n\t\t\t<div id=\"rtcl-login-g-recaptcha-message\"><\/div>\n\t\t<\/div>\n\n\t\t<div class=\"rtcl-form-group rtcl-login-form-submit-wrap\">\n\t\t\t<button type=\"submit\" name=\"rtcl-login\" class=\"rtcl-btn\" value=\"login\">\n\t\t\t\tGiri\u015f yap\t\t\t<\/button>\n\t\t\t<div class=\"form-check\">\n\t\t\t\t<input type=\"checkbox\" name=\"rememberme\" id=\"rtcl-rememberme\" value=\"forever\">\n\t\t\t\t<label class=\"rtcl-form-check-label\" for=\"rtcl-rememberme\">\n\t\t\t\t\tBeni hat\u0131rla\t\t\t\t<\/label>\n\t\t\t<\/div>\n\t\t<\/div>\n\n\t\t<div class=\"rtcl-form-group\">\n\t\t\t<p class=\"rtcl-forgot-password\">\n\t\t\t\t\t\t\t\t\t<a href=\"https:\/\/tedder-global.com\/tr\/hesabim\/registration\/\">Kay\u0131t ol<\/a><span>|<\/span>\n\t\t\t\t\t\t\t\t<a href=\"https:\/\/tedder-global.com\/tr\/hesabim\/parolanizi-mi-unuttunuz\/\">Parolan\u0131z\u0131 m\u0131 unuttunuz ?<\/a>\n\n\t\t\t<\/p>\n\t\t<\/div>\n\t\t<input type=\"hidden\" id=\"rtcl-login-nonce\" name=\"rtcl-login-nonce\" value=\"1f71a0d5b4\" \/><input type=\"hidden\" name=\"_wp_http_referer\" value=\"\/tr\/wp-json\/wp\/v2\/pages\/4619\" \/><input type=\"hidden\" name=\"redirect_to\" value=\"https:\/\/tedder-global.com\/tr\/wp-json\/wp\/v2\/pages\/4619\" \/>\n\t<\/form>\n<\/div>\n<\/div>\n        <\/div>\n\t\t\t\t\t\t<\/div>\n\t\t\t\t<\/div>\n\t\t\t\t\t<\/div>\n\t\t<\/div>\n\t\t\t\t\t<\/div>\n\t\t<\/section>\n\t\t\t\t<section class=\"elementor-section elementor-top-section elementor-element elementor-element-f8d443a elementor-section-boxed elementor-section-height-default elementor-section-height-default rt-parallax-bg-no\" data-id=\"f8d443a\" data-element_type=\"section\">\n\t\t\t\t\t\t<div class=\"elementor-container elementor-column-gap-default\">\n\t\t\t\t\t<div class=\"elementor-column elementor-col-100 elementor-top-column elementor-element elementor-element-aa4dfa8\" data-id=\"aa4dfa8\" data-element_type=\"column\">\n\t\t\t<div class=\"elementor-widget-wrap elementor-element-populated\">\n\t\t\t\t\t\t<div class=\"elementor-element elementor-element-9a8cc59 elementor-widget elementor-widget-text-editor\" data-id=\"9a8cc59\" data-element_type=\"widget\" data-widget_type=\"text-editor.default\">\n\t\t\t\t<div class=\"elementor-widget-container\">\n\t\t\t\t\t\t\t\t\t\n          <h2 style=\"text-align: center;\">\n            <span style=\"text-decoration: underline;\"><strong>Nas\u0131l<\/strong><strong>&nbsp; ilan<\/strong> verilir?<\/span>\n          <\/h2>\n          \n\n          <h2 style=\"text-align: center;\">Sevgili sat\u0131c\u0131lar, ad\u0131m ad\u0131m sistemimiz \u00e7ok kolay ve h\u0131zl\u0131!<\/h2>\n          \n\n          <h4 style=\"text-align: center;\">L\u00fctfen \u00f6nce bir \u00fcyelik se\u00e7in. Ka\u00e7 ilan yay\u0131nlamak istedi\u011finizi g\u00f6z \u00f6n\u00fcnde bulundurarak se\u00e7in!<\/h4>\n          \n\n          <h2>\n            <span style=\"text-decoration: underline;\">\n              <em>\u0130lan vermek i\u00e7in l\u00fctfen \u015fu ad\u0131mlar\u0131 takip edin:<\/em>\n            <\/span>\n          <\/h2>\n          \n\n          <ol>\n            \n\n            <li>\n              <strong>\u00d6\u011fenizin sat\u0131l\u0131k m\u0131, kiral\u0131k m\u0131 yoksa aranmas\u0131 m\u0131 gerekti\u011fini se\u00e7in.<\/strong>\n            <\/li>\n            \n\n            <li>\n              <strong>\u00d6\u011feniz i\u00e7in ana kategoriyi ve t\u00fcm alt kategorileri se\u00e7in (bu \u00f6\u011feye uygun herhangi bir kategori bulamazsan\u0131z &#8220;di\u011ferlerini&#8221; se\u00e7in)<\/strong>\n            <\/li>\n            \n\n            <li>\n              <strong>K\u0131sa bir ba\u015fl\u0131k yaz\u0131n (\u00f6rn. Marka, Model, Renk ve Beden)<\/strong>\n            <\/li>\n            \n\n            <li>\n              <strong>Sabit bir fiyat m\u0131 yoksa pazarl\u0131k pay\u0131 m\u0131 yoksa ko\u015fullar hakk\u0131nda konu\u015fmak m\u0131 istedi\u011finizi se\u00e7in.<\/strong>\n            <\/li>\n            \n\n            <li>\n              <strong>Bir fiyat yaz\u0131n (yaln\u0131zca \u20ac olarak)<\/strong>\n            <\/li>\n            \n\n            <li>\n              <strong>Bu \u00f6\u011fenin olas\u0131 varyasyonlar\u0131 dahil olmak \u00fczere \u00fcr\u00fcn\u00fcn\u00fcz\u00fcn bir tan\u0131m\u0131n\u0131 yaz\u0131n (renkler \/ bedenler)<\/strong>\n            <\/li>\n            \n\n            <li>\n              <strong>\u00d6\u011fenin en \u00f6nemli \u00f6zelliklerini listeleyin. L\u00fctfen her \u00f6zellik i\u00e7in yeni bir sat\u0131r kullan\u0131n! (\u00d6rne\u011fe bak\u0131n)<\/strong>\n            <\/li>\n            \n\n            <li><strong>1-6 resim y\u00fckleyin.<\/strong> \u00dcr\u00fcn\u00fcn\u00fcz\u00fc farkl\u0131 a\u00e7\u0131lardan g\u00f6sterdi\u011finizden emin olun. Ayn\u0131 anda bir\u00e7ok resim y\u00fckleyebilirsiniz.<\/li>\n            \n\n            <li><strong>Eksik bilgileri doldurun<\/strong> &#8211; adresiniz, telefon numaran\u0131z (uluslararas\u0131 \u00f6nek ile) ve harita \u00fczerinde: <em><strong>K\u0131rm\u0131z\u0131 yer ikonunu tam olarak ma\u011fazan\u0131z\u0131n bulundu\u011fu yere \u00e7ekin<\/strong> .<\/em> (fareyi sol t\u0131klay\u0131p bas\u0131l\u0131 tutun, ard\u0131ndan ta\u015f\u0131mak i\u00e7in s\u00fcr\u00fckleyin)<\/li>\n            \n\n            <li>\n              <strong>\u015eartlar ve ko\u015fullar kutusunu i\u015faretleyin.<\/strong>\n            <\/li>\n            \n\n            <li>\n              <strong>&#8220;G\u00f6nder&#8221; i t\u0131klay\u0131n<\/strong>\n            <\/li>\n            \n\n          <\/ol>\n          \n\n          <p>Tamamland\u0131! Kolay de\u011fil mi?<\/p>\n          \n\n          <p>Bir hata yapt\u0131ysan\u0131z, g\u00f6nderimden sonra t\u00fcm bilgileri d\u00fczenlemek m\u00fcmk\u00fcnd\u00fcr. Sorun yok!<\/p>\n          \n\n          <p>\n            <strong>M\u00fc\u015fterilerden daha fazla g\u00f6r\u00fc\u015f almak istiyorsan\u0131z, l\u00fctfen pazarlama \u00f6zelliklerimizi kullanmay\u0131 d\u00fc\u015f\u00fcn\u00fcn:<\/strong>\n          <\/p>\n          \n\n          <ul>\n            \n\n            <li>\n              <strong>\n                <i>WOW Reklamlar<\/i>\n              <\/strong>\n              \n\n              <ul>\n                \n\n                <li>Ana Sayfada sadece WOW Reklamlar\u0131 g\u00f6steriliyor<\/li>\n                \n\n              <\/ul>\n              \n\n            <\/li>\n            \n\n            <li>\n              <strong>\n                <i>HOT Reklamlar<\/i>\n              <\/strong>\n              \n\n              <ul>\n                \n\n                <li>HOT Reklamlar Arama Sonu\u00e7lar\u0131 Sayfalar\u0131n\u0131n \u00fcst\u00fcnde g\u00f6sterilir<\/li>\n                \n\n              <\/ul>\n              \n\n            <\/li>\n            \n\n          <\/ul>\n          \n\n          <p>G\u00f6nderdikten sonra \u00fcr\u00fcn\u00fcn\u00fcz\u00fc itmek i\u00e7in bu etiketleri kullanabilirsiniz.<\/p>\n          \n\n          <p>Sorun ya\u015f\u0131yorsan\u0131z veya daha fazla bilgiye ihtiyac\u0131n\u0131z varsa bizi aray\u0131n!<\/p>\n          \n\n          <p style=\"text-align: center;\">\n            \n\n          <\/p>\n        \t\t\t\t\t\t\t\t<\/div>\n\t\t\t\t<\/div>\n\t\t\t\t\t<\/div>\n\t\t<\/div>\n\t\t\t\t\t<\/div>\n\t\t<\/section>\n\t\t\t\t<\/div>\n\t\t","protected":false},"excerpt":{"rendered":"<p>Nas\u0131l&nbsp; ilan verilir? Sevgili sat\u0131c\u0131lar, ad\u0131m ad\u0131m sistemimiz \u00e7ok kolay ve h\u0131zl\u0131! L\u00fctfen \u00f6nce bir \u00fcyelik se\u00e7in. Ka\u00e7 ilan yay\u0131nlamak istedi\u011finizi g\u00f6z \u00f6n\u00fcnde bulundurarak se\u00e7in! \u0130lan vermek i\u00e7in l\u00fctfen \u015fu ad\u0131mlar\u0131 takip edin: \u00d6\u011fenizin sat\u0131l\u0131k m\u0131, kiral\u0131k m\u0131 yoksa aranmas\u0131 m\u0131 gerekti\u011fini se\u00e7in. \u00d6\u011feniz i\u00e7in ana kategoriyi ve t\u00fcm alt kategorileri se\u00e7in (bu \u00f6\u011feye uygun<\/p>\n","protected":false},"author":14,"featured_media":0,"parent":0,"menu_order":0,"comment_status":"closed","ping_status":"closed","template":"","meta":{"_rtcl_gb_attr":"","footnotes":""},"class_list":["post-4619","page","type-page","status-publish","hentry"],"_links":{"self":[{"href":"https:\/\/tedder-global.com\/tr\/wp-json\/wp\/v2\/pages\/4619","targetHints":{"allow":["GET"]}}],"collection":[{"href":"https:\/\/tedder-global.com\/tr\/wp-json\/wp\/v2\/pages"}],"about":[{"href":"https:\/\/tedder-global.com\/tr\/wp-json\/wp\/v2\/types\/page"}],"author":[{"embeddable":true,"href":"https:\/\/tedder-global.com\/tr\/wp-json\/wp\/v2\/users\/14"}],"replies":[{"embeddable":true,"href":"https:\/\/tedder-global.com\/tr\/wp-json\/wp\/v2\/comments?post=4619"}],"version-history":[{"count":1,"href":"https:\/\/tedder-global.com\/tr\/wp-json\/wp\/v2\/pages\/4619\/revisions"}],"predecessor-version":[{"id":25208,"href":"https:\/\/tedder-global.com\/tr\/wp-json\/wp\/v2\/pages\/4619\/revisions\/25208"}],"wp:attachment":[{"href":"https:\/\/tedder-global.com\/tr\/wp-json\/wp\/v2\/media?parent=4619"}],"curies":[{"name":"wp","href":"https:\/\/api.w.org\/{rel}","templated":true}]}}