{"id":4677,"date":"2022-11-05T08:56:00","date_gmt":"2022-11-05T05:56:00","guid":{"rendered":"http:\/\/tedder-global.com\/ueber-uns\/"},"modified":"2023-04-24T10:55:45","modified_gmt":"2023-04-24T07:55:45","slug":"ueber-uns","status":"publish","type":"page","link":"https:\/\/tedder-global.com\/de\/ueber-uns\/","title":{"rendered":"\u00dcber uns"},"content":{"rendered":"\t\t<div data-elementor-type=\"wp-page\" data-elementor-id=\"4677\" class=\"elementor elementor-4677 elementor-919\" data-elementor-post-type=\"page\">\n\t\t\t\t\t\t<section class=\"elementor-section elementor-top-section elementor-element elementor-element-2af8600 elementor-section-boxed elementor-section-height-default elementor-section-height-default rt-parallax-bg-no\" data-id=\"2af8600\" data-element_type=\"section\">\n\t\t\t\t\t\t<div class=\"elementor-container elementor-column-gap-default\">\n\t\t\t\t\t<div class=\"elementor-column elementor-col-50 elementor-top-column elementor-element elementor-element-be6bd06\" data-id=\"be6bd06\" data-element_type=\"column\">\n\t\t\t<div class=\"elementor-widget-wrap elementor-element-populated\">\n\t\t\t\t\t\t<div class=\"elementor-element elementor-element-4dd5ff7 elementor-widget elementor-widget-text-editor\" data-id=\"4dd5ff7\" data-element_type=\"widget\" data-widget_type=\"text-editor.default\">\n\t\t\t\t<div class=\"elementor-widget-container\">\n\t\t\t\t\t\t\t\t\t<h2><strong>\u00dcber uns<\/strong><\/h2>\n<p><strong>Tedder-Global.com wurde 2022 in Antalya mit dem Ziel gegr\u00fcndet, den Handel in touristischen Gebieten zu erleichtern<\/strong> . Wir haben eine Plattform geschaffen, die Kunden und Verk\u00e4ufern gleichzeitig hilft. Leistungsstarke Funktionen wie Suchoptionen, Live-Chat, Share-Buttons und GPS-Standorte tragen dazu bei, den Kauf- und Verkaufsprozess viel angenehmer und unterhaltsamer zu gestalten.<\/p>\n<p>Unsere Apps haben viele tolle Funktionen und sind einfach zu bedienen. Bitte erw\u00e4gen Sie, diese herunterzuladen.<\/p>\n<p>Der internationale Charakter unseres Unternehmens spiegelt langj\u00e4hrige Erfahrung im Tourismus wider. Wir hoffen, Teil einer wachsenden Gemeinschaft zu sein, in der Menschen aus vielen L\u00e4ndern zusammenkommen, um sch\u00f6ne Reiseziele und Erlebnisse zu genie\u00dfen.<\/p>\n<p><strong>Unsere Aufgabe ist es, Ihren Urlaub besser zu machen!<\/strong><\/p>\n<p><em>Ted Goehring <\/em><\/p>\n<p>ted.goehring@tedder-global.com<\/p>\n\t\t\t\t\t\t\t\t<\/div>\n\t\t\t\t<\/div>\n\t\t\t\t<div class=\"elementor-element elementor-element-5970e61 elementor-widget elementor-widget-text-editor\" data-id=\"5970e61\" data-element_type=\"widget\" data-widget_type=\"text-editor.default\">\n\t\t\t\t<div class=\"elementor-widget-container\">\n\t\t\t\t\t\t\t\t\t<h3>Was wir tun<\/h3>\n<p>Wir vereinen Kunden und Handel an einem Ort, digital und lokal. Wir helfen Ihnen, die besten Angebote in Ihrer N\u00e4he zu finden!<\/p>\n\t\t\t\t\t\t\t\t<\/div>\n\t\t\t\t<\/div>\n\t\t\t\t\t<\/div>\n\t\t<\/div>\n\t\t\t\t<div class=\"elementor-column elementor-col-50 elementor-top-column elementor-element elementor-element-0047368\" data-id=\"0047368\" data-element_type=\"column\">\n\t\t\t<div class=\"elementor-widget-wrap elementor-element-populated\">\n\t\t\t\t\t\t<div class=\"elementor-element elementor-element-514e4f6 elementor-widget elementor-widget-image\" data-id=\"514e4f6\" data-element_type=\"widget\" data-widget_type=\"image.default\">\n\t\t\t\t<div class=\"elementor-widget-container\">\n\t\t\t\t\t\t\t\t\t\t\t\t\t\t\t<img fetchpriority=\"high\" decoding=\"async\" width=\"474\" height=\"316\" src=\"https:\/\/tedder-global.com\/wp-content\/uploads\/2020\/07\/discount_shopping.jpg\" class=\"attachment-medium_large size-medium_large wp-image-4112\" alt=\"\" srcset=\"https:\/\/tedder-global.com\/wp-content\/uploads\/2020\/07\/discount_shopping.jpg 474w, https:\/\/tedder-global.com\/wp-content\/uploads\/2020\/07\/discount_shopping-300x200.jpg 300w, https:\/\/tedder-global.com\/wp-content\/uploads\/2020\/07\/discount_shopping-180x120.jpg 180w\" sizes=\"(max-width: 474px) 100vw, 474px\" title=\"\" \/>\t\t\t\t\t\t\t\t\t\t\t\t\t\t\t<\/div>\n\t\t\t\t<\/div>\n\t\t\t\t\t<\/div>\n\t\t<\/div>\n\t\t\t\t\t<\/div>\n\t\t<\/section>\n\t\t\t\t<section class=\"elementor-section elementor-top-section elementor-element elementor-element-5805e8d elementor-section-boxed elementor-section-height-default elementor-section-height-default rt-parallax-bg-no\" data-id=\"5805e8d\" data-element_type=\"section\" data-settings=\"{&quot;background_background&quot;:&quot;classic&quot;}\">\n\t\t\t\t\t\t<div class=\"elementor-container elementor-column-gap-default\">\n\t\t\t\t\t<div class=\"elementor-column elementor-col-100 elementor-top-column elementor-element elementor-element-f8e8ecd\" data-id=\"f8e8ecd\" data-element_type=\"column\">\n\t\t\t<div class=\"elementor-widget-wrap elementor-element-populated\">\n\t\t\t\t\t\t<div class=\"elementor-element elementor-element-87e171b elementor-widget elementor-widget-rt-title\" data-id=\"87e171b\" data-element_type=\"widget\" data-widget_type=\"rt-title.default\">\n\t\t\t\t<div class=\"elementor-widget-container\">\n\t\t\t\t\t<div class=\"rt-el-title rtin-style-1\">\r\n\t<h2 class=\"rtin-title\">How Selling Works<\/h2>\r\n\t<\/div>\t\t\t\t<\/div>\n\t\t\t\t<\/div>\n\t\t\t\t<section class=\"elementor-section elementor-inner-section elementor-element elementor-element-523875b elementor-section-boxed elementor-section-height-default elementor-section-height-default rt-parallax-bg-no\" data-id=\"523875b\" data-element_type=\"section\">\n\t\t\t\t\t\t<div class=\"elementor-container elementor-column-gap-default\">\n\t\t\t\t\t<div class=\"elementor-column elementor-col-25 elementor-inner-column elementor-element elementor-element-53e6a8a\" data-id=\"53e6a8a\" data-element_type=\"column\">\n\t\t\t<div class=\"elementor-widget-wrap elementor-element-populated\">\n\t\t\t\t\t\t<div class=\"elementor-element elementor-element-e29c25e elementor-widget elementor-widget-rt-info-box\" data-id=\"e29c25e\" data-element_type=\"widget\" data-widget_type=\"rt-info-box.default\">\n\t\t\t\t<div class=\"elementor-widget-container\">\n\t\t\t\t\t\r\n\r\n    <div class=\"rt-el-info-box\">\r\n        <div class=\"rtin-icon\"><a href=\"https:\/\/tedder-global.com\/my-account\/\" target=\"_blank\"><i class=\"fa fa-user\" aria-hidden=\"true\"><\/i><\/a><\/div>\r\n        <div class=\"rtin-content\">\r\n            <h3 class=\"rtin-title\"><a href=\"https:\/\/tedder-global.com\/my-account\/\" target=\"_blank\">Create Account<\/a><\/h3>\r\n                            <p class=\"rtin-text\">To get access to all features of our platform please create an account to start with. Please note that THE USERNAME CANNOT BE CHANGED, so choose wisely.<\/p>\r\n                    <\/div>\r\n    <\/div>\r\n\r\n\t\t\t\t<\/div>\n\t\t\t\t<\/div>\n\t\t\t\t\t<\/div>\n\t\t<\/div>\n\t\t\t\t<div class=\"elementor-column elementor-col-25 elementor-inner-column elementor-element elementor-element-6b2a9c7\" data-id=\"6b2a9c7\" data-element_type=\"column\">\n\t\t\t<div class=\"elementor-widget-wrap elementor-element-populated\">\n\t\t\t\t\t\t<div class=\"elementor-element elementor-element-37c907f elementor-widget elementor-widget-rt-info-box\" data-id=\"37c907f\" data-element_type=\"widget\" data-widget_type=\"rt-info-box.default\">\n\t\t\t\t<div class=\"elementor-widget-container\">\n\t\t\t\t\t\r\n\r\n    <div class=\"rt-el-info-box\">\r\n        <div class=\"rtin-icon\"><a href=\"https:\/\/tedder-global.com\/post-an-ad\/\" target=\"_blank\"><i class=\"fa fa-pencil\" aria-hidden=\"true\"><\/i><\/a><\/div>\r\n        <div class=\"rtin-content\">\r\n            <h3 class=\"rtin-title\"><a href=\"https:\/\/tedder-global.com\/post-an-ad\/\" target=\"_blank\">Post your Ad<\/a><\/h3>\r\n                            <p class=\"rtin-text\">After deciding which payment plan suits you best, start posting the items you want to sell. Remember that the pictures you use are most important!<\/p>\r\n                    <\/div>\r\n    <\/div>\r\n\r\n\t\t\t\t<\/div>\n\t\t\t\t<\/div>\n\t\t\t\t\t<\/div>\n\t\t<\/div>\n\t\t\t\t<div class=\"elementor-column elementor-col-25 elementor-inner-column elementor-element elementor-element-f849458\" data-id=\"f849458\" data-element_type=\"column\">\n\t\t\t<div class=\"elementor-widget-wrap elementor-element-populated\">\n\t\t\t\t\t\t<div class=\"elementor-element elementor-element-75a6434 elementor-widget elementor-widget-rt-info-box\" data-id=\"75a6434\" data-element_type=\"widget\" data-widget_type=\"rt-info-box.default\">\n\t\t\t\t<div class=\"elementor-widget-container\">\n\t\t\t\t\t\r\n\r\n    <div class=\"rt-el-info-box\">\r\n        <div class=\"rtin-icon\"><a href=\"https:\/\/tedder-global.com\/my-account\/chat\/\" target=\"_blank\"><i class=\"fa fa-volume-up\" aria-hidden=\"true\"><\/i><\/a><\/div>\r\n        <div class=\"rtin-content\">\r\n            <h3 class=\"rtin-title\"><a href=\"https:\/\/tedder-global.com\/my-account\/chat\/\" target=\"_blank\">Get Offers<\/a><\/h3>\r\n                            <p class=\"rtin-text\">When customers are interested in your products they will contact you or pass by right away. We always encourage to use the chat functions first.<\/p>\r\n                    <\/div>\r\n    <\/div>\r\n\r\n\t\t\t\t<\/div>\n\t\t\t\t<\/div>\n\t\t\t\t\t<\/div>\n\t\t<\/div>\n\t\t\t\t<div class=\"elementor-column elementor-col-25 elementor-inner-column elementor-element elementor-element-daff55c\" data-id=\"daff55c\" data-element_type=\"column\">\n\t\t\t<div class=\"elementor-widget-wrap elementor-element-populated\">\n\t\t\t\t\t\t<div class=\"elementor-element elementor-element-9549623 elementor-widget elementor-widget-rt-info-box\" data-id=\"9549623\" data-element_type=\"widget\" data-widget_type=\"rt-info-box.default\">\n\t\t\t\t<div class=\"elementor-widget-container\">\n\t\t\t\t\t\r\n\r\n    <div class=\"rt-el-info-box\">\r\n        <div class=\"rtin-icon\"><a href=\"https:\/\/tedder-global.com\/all-ads\/?view=grid&ls=1\" target=\"_blank\"><i class=\"fa fa-eur\" aria-hidden=\"true\"><\/i><\/a><\/div>\r\n        <div class=\"rtin-content\">\r\n            <h3 class=\"rtin-title\"><a href=\"https:\/\/tedder-global.com\/all-ads\/?view=grid&amp;ls=1\" target=\"_blank\">Sell Your Item<\/a><\/h3>\r\n                            <p class=\"rtin-text\">When your customers come to buy the products please remind them to leave a rating for your store. Other customers will be greatful about it!<\/p>\r\n                    <\/div>\r\n    <\/div>\r\n\r\n\t\t\t\t<\/div>\n\t\t\t\t<\/div>\n\t\t\t\t\t<\/div>\n\t\t<\/div>\n\t\t\t\t\t<\/div>\n\t\t<\/section>\n\t\t\t\t\t<\/div>\n\t\t<\/div>\n\t\t\t\t\t<\/div>\n\t\t<\/section>\n\t\t\t\t<div class=\"elementor-section elementor-top-section elementor-element elementor-element-d343a90 elementor-section-boxed elementor-section-height-default elementor-section-height-default rt-parallax-bg-no\" data-id=\"d343a90\" data-element_type=\"section\" data-settings=\"{&quot;background_background&quot;:&quot;classic&quot;}\">\n\t\t\t\t\t\t<div class=\"elementor-container elementor-column-gap-default\">\n\t\t\t\t\t<div class=\"elementor-column elementor-col-100 elementor-top-column elementor-element elementor-element-6d9184f\" data-id=\"6d9184f\" data-element_type=\"column\">\n\t\t\t<div class=\"elementor-widget-wrap elementor-element-populated\">\n\t\t\t\t\t\t<div class=\"elementor-element elementor-element-e271e2d elementor-widget elementor-widget-rt-title\" data-id=\"e271e2d\" data-element_type=\"widget\" data-widget_type=\"rt-title.default\">\n\t\t\t\t<div class=\"elementor-widget-container\">\n\t\t\t\t\t<div class=\"rt-el-title rtin-style-3\">\r\n\t\t<h2 class=\"rtin-title\">What Customers Say About Us<\/h2>\r\n<\/div>\t\t\t\t<\/div>\n\t\t\t\t<\/div>\n\t\t\t\t<section class=\"elementor-section elementor-inner-section elementor-element elementor-element-2951dcf elementor-section-boxed elementor-section-height-default elementor-section-height-default rt-parallax-bg-no\" data-id=\"2951dcf\" data-element_type=\"section\">\n\t\t\t\t\t\t<div class=\"elementor-container elementor-column-gap-default\">\n\t\t\t\t\t<div class=\"elementor-column elementor-col-33 elementor-inner-column elementor-element elementor-element-86734aa\" data-id=\"86734aa\" data-element_type=\"column\">\n\t\t\t<div class=\"elementor-widget-wrap elementor-element-populated\">\n\t\t\t\t\t\t<div class=\"elementor-element elementor-element-247bc19 elementor-widget elementor-widget-rt-testimonial-1\" data-id=\"247bc19\" data-element_type=\"widget\" data-widget_type=\"rt-testimonial-1.default\">\n\t\t\t\t<div class=\"elementor-widget-container\">\n\t\t\t\t\t<div class=\"rt-el-testimonial-1\">\r\n\t<p class=\"rtin-content\">As someone who has worked many years in tourism I am frankly astonished about this platform. It\u00b4s fantastic! Why didn\u00b4t we get this earlier?<\/p>\r\n\t\t\t<div class=\"rtin-thumb\"><img decoding=\"async\" width=\"150\" height=\"150\" src=\"https:\/\/tedder-global.com\/wp-content\/uploads\/2019\/10\/18126e7bd3f84b3f3e4df094def5b7de-150x150.jpg\" class=\"attachment-thumbnail size-thumbnail\" alt=\"\" title=\"\" \/><\/div>\r\n\t\t<h3 class=\"rtin-name\">Efe Can<\/h3>\r\n\t\t\t<div class=\"rtin-designation\">Manager, Rental Cars<\/div>\r\n\t<\/div>\t\t\t\t<\/div>\n\t\t\t\t<\/div>\n\t\t\t\t\t<\/div>\n\t\t<\/div>\n\t\t\t\t<div class=\"elementor-column elementor-col-33 elementor-inner-column elementor-element elementor-element-587aaf6\" data-id=\"587aaf6\" data-element_type=\"column\">\n\t\t\t<div class=\"elementor-widget-wrap elementor-element-populated\">\n\t\t\t\t\t\t<div class=\"elementor-element elementor-element-6aa3449 elementor-widget elementor-widget-rt-testimonial-1\" data-id=\"6aa3449\" data-element_type=\"widget\" data-widget_type=\"rt-testimonial-1.default\">\n\t\t\t\t<div class=\"elementor-widget-container\">\n\t\t\t\t\t<div class=\"rt-el-testimonial-1\">\r\n\t<p class=\"rtin-content\">I get so many requests about original Italian food. Sometimes we chat about the ways to prepare popular meals and then our guests show up to try them.<\/p>\r\n\t\t\t<div class=\"rtin-thumb\"><img decoding=\"async\" width=\"150\" height=\"150\" src=\"https:\/\/tedder-global.com\/wp-content\/uploads\/2018\/07\/blog_5-150x150.jpg\" class=\"attachment-thumbnail size-thumbnail\" alt=\"\" title=\"\" \/><\/div>\r\n\t\t<h3 class=\"rtin-name\">Mario l\u00b4Aqua<\/h3>\r\n\t\t\t<div class=\"rtin-designation\">Owner Italian Restauran<\/div>\r\n\t<\/div>\t\t\t\t<\/div>\n\t\t\t\t<\/div>\n\t\t\t\t\t<\/div>\n\t\t<\/div>\n\t\t\t\t<div class=\"elementor-column elementor-col-33 elementor-inner-column elementor-element elementor-element-f7ddbc0\" data-id=\"f7ddbc0\" data-element_type=\"column\">\n\t\t\t<div class=\"elementor-widget-wrap elementor-element-populated\">\n\t\t\t\t\t\t<div class=\"elementor-element elementor-element-5a08e6f elementor-widget elementor-widget-rt-testimonial-1\" data-id=\"5a08e6f\" data-element_type=\"widget\" data-widget_type=\"rt-testimonial-1.default\">\n\t\t\t\t<div class=\"elementor-widget-container\">\n\t\t\t\t\t<div class=\"rt-el-testimonial-1\">\r\n\t<p class=\"rtin-content\">In my job the customer needs to trust you. We run a fair business and now we can prove it by showing the positive reviews we got. That makes it much easier for all of us!<\/p>\r\n\t\t\t<div class=\"rtin-thumb\"><img loading=\"lazy\" decoding=\"async\" width=\"150\" height=\"150\" src=\"https:\/\/tedder-global.com\/wp-content\/uploads\/2019\/10\/172522ec1028ab781d9dfd17eaca4427-150x150.jpg\" class=\"attachment-thumbnail size-thumbnail\" alt=\"\" title=\"\" \/><\/div>\r\n\t\t<h3 class=\"rtin-name\">Erkan Bekir<\/h3>\r\n\t\t\t<div class=\"rtin-designation\">Manager Jewelery Shop<\/div>\r\n\t<\/div>\t\t\t\t<\/div>\n\t\t\t\t<\/div>\n\t\t\t\t\t<\/div>\n\t\t<\/div>\n\t\t\t\t\t<\/div>\n\t\t<\/section>\n\t\t\t\t\t<\/div>\n\t\t<\/div>\n\t\t\t\t\t<\/div>\n\t\t<\/div>\n\t\t\t\t<div class=\"elementor-section elementor-top-section elementor-element elementor-element-b883bb1 elementor-hidden-desktop elementor-hidden-tablet elementor-hidden-phone elementor-section-boxed elementor-section-height-default elementor-section-height-default rt-parallax-bg-no\" data-id=\"b883bb1\" data-element_type=\"section\" data-settings=\"{&quot;background_background&quot;:&quot;classic&quot;}\">\n\t\t\t\t\t\t<div class=\"elementor-container elementor-column-gap-default\">\n\t\t\t\t\t<div class=\"elementor-column elementor-col-100 elementor-top-column elementor-element elementor-element-cabd325\" data-id=\"cabd325\" data-element_type=\"column\">\n\t\t\t<div class=\"elementor-widget-wrap elementor-element-populated\">\n\t\t\t\t\t\t<div class=\"elementor-element elementor-element-97ca78e elementor-widget elementor-widget-image-carousel\" data-id=\"97ca78e\" data-element_type=\"widget\" data-settings=\"{&quot;slides_to_show&quot;:&quot;4&quot;,&quot;slides_to_scroll&quot;:&quot;1&quot;,&quot;navigation&quot;:&quot;none&quot;,&quot;autoplay&quot;:&quot;yes&quot;,&quot;pause_on_hover&quot;:&quot;yes&quot;,&quot;pause_on_interaction&quot;:&quot;yes&quot;,&quot;autoplay_speed&quot;:5000,&quot;infinite&quot;:&quot;yes&quot;,&quot;speed&quot;:500}\" data-widget_type=\"image-carousel.default\">\n\t\t\t\t<div class=\"elementor-widget-container\">\n\t\t\t\t\t\t\t<div class=\"elementor-image-carousel-wrapper swiper\" role=\"region\" aria-roledescription=\"carousel\" aria-label=\"Bild Karussell\" dir=\"ltr\">\n\t\t\t<div class=\"elementor-image-carousel swiper-wrapper\" aria-live=\"off\">\n\t\t\t\t\t\t\t\t<div class=\"swiper-slide\" role=\"group\" aria-roledescription=\"slide\" aria-label=\"1 von 5\"><figure class=\"swiper-slide-inner\"><img decoding=\"async\" class=\"swiper-slide-image\" src=\"https:\/\/tedder-global.com\/wp-content\/uploads\/2018\/11\/1.jpg\" alt=\"\" \/><\/figure><\/div><div class=\"swiper-slide\" role=\"group\" aria-roledescription=\"slide\" aria-label=\"2 von 5\"><figure class=\"swiper-slide-inner\"><img decoding=\"async\" class=\"swiper-slide-image\" src=\"https:\/\/tedder-global.com\/wp-content\/uploads\/2018\/11\/6.jpg\" alt=\"\" \/><\/figure><\/div><div class=\"swiper-slide\" role=\"group\" aria-roledescription=\"slide\" aria-label=\"3 von 5\"><figure class=\"swiper-slide-inner\"><img decoding=\"async\" class=\"swiper-slide-image\" src=\"https:\/\/tedder-global.com\/wp-content\/uploads\/2018\/11\/2.jpg\" alt=\"\" \/><\/figure><\/div><div class=\"swiper-slide\" role=\"group\" aria-roledescription=\"slide\" aria-label=\"4 von 5\"><figure class=\"swiper-slide-inner\"><img decoding=\"async\" class=\"swiper-slide-image\" src=\"https:\/\/tedder-global.com\/wp-content\/uploads\/2018\/11\/3.jpg\" alt=\"\" \/><\/figure><\/div><div class=\"swiper-slide\" role=\"group\" aria-roledescription=\"slide\" aria-label=\"5 von 5\"><figure class=\"swiper-slide-inner\"><img decoding=\"async\" class=\"swiper-slide-image\" src=\"https:\/\/tedder-global.com\/wp-content\/uploads\/2018\/11\/4-1.jpg\" alt=\"\" \/><\/figure><\/div>\t\t\t<\/div>\n\t\t\t\t\t\t\t\n\t\t\t\t\t\t\t\t\t<\/div>\n\t\t\t\t\t\t<\/div>\n\t\t\t\t<\/div>\n\t\t\t\t\t<\/div>\n\t\t<\/div>\n\t\t\t\t\t<\/div>\n\t\t<\/div>\n\t\t\t\t<section class=\"elementor-section elementor-top-section elementor-element elementor-element-60bbc2c elementor-section-boxed elementor-section-height-default elementor-section-height-default rt-parallax-bg-no\" data-id=\"60bbc2c\" data-element_type=\"section\">\n\t\t\t\t\t\t<div class=\"elementor-container elementor-column-gap-default\">\n\t\t\t\t\t<div class=\"elementor-column elementor-col-100 elementor-top-column elementor-element elementor-element-238f0de\" data-id=\"238f0de\" data-element_type=\"column\">\n\t\t\t<div class=\"elementor-widget-wrap elementor-element-populated\">\n\t\t\t\t\t\t<div class=\"elementor-element elementor-element-05adbc8 elementor-share-buttons--align-center elementor-share-buttons--view-icon-text elementor-share-buttons--skin-gradient elementor-share-buttons--shape-square elementor-grid-0 elementor-share-buttons--color-official elementor-widget elementor-widget-share-buttons\" data-id=\"05adbc8\" data-element_type=\"widget\" data-widget_type=\"share-buttons.default\">\n\t\t\t\t<div class=\"elementor-widget-container\">\n\t\t\t\t\t\t\t<div class=\"elementor-grid\" role=\"list\">\n\t\t\t\t\t\t\t\t<div class=\"elementor-grid-item\" role=\"listitem\">\n\t\t\t\t\t\t<div class=\"elementor-share-btn elementor-share-btn_facebook\" role=\"button\" tabindex=\"0\" aria-label=\"Share on facebook\">\n\t\t\t\t\t\t\t\t\t\t\t\t\t\t\t<span class=\"elementor-share-btn__icon\">\n\t\t\t\t\t\t\t\t<i class=\"fab fa-facebook\" aria-hidden=\"true\"><\/i>\t\t\t\t\t\t\t<\/span>\n\t\t\t\t\t\t\t\t\t\t\t\t\t\t\t\t\t\t\t\t\t\t<div class=\"elementor-share-btn__text\">\n\t\t\t\t\t\t\t\t\t\t\t\t\t\t\t\t\t\t\t<span class=\"elementor-share-btn__title\">\n\t\t\t\t\t\t\t\t\t\tFacebook\t\t\t\t\t\t\t\t\t<\/span>\n\t\t\t\t\t\t\t\t\t\t\t\t\t\t\t\t\t<\/div>\n\t\t\t\t\t\t\t\t\t\t\t\t\t<\/div>\n\t\t\t\t\t<\/div>\n\t\t\t\t\t\t\t\t\t<div class=\"elementor-grid-item\" role=\"listitem\">\n\t\t\t\t\t\t<div class=\"elementor-share-btn elementor-share-btn_whatsapp\" role=\"button\" tabindex=\"0\" aria-label=\"Share on whatsapp\">\n\t\t\t\t\t\t\t\t\t\t\t\t\t\t\t<span class=\"elementor-share-btn__icon\">\n\t\t\t\t\t\t\t\t<i class=\"fab fa-whatsapp\" aria-hidden=\"true\"><\/i>\t\t\t\t\t\t\t<\/span>\n\t\t\t\t\t\t\t\t\t\t\t\t\t\t\t\t\t\t\t\t\t\t<div class=\"elementor-share-btn__text\">\n\t\t\t\t\t\t\t\t\t\t\t\t\t\t\t\t\t\t\t<span class=\"elementor-share-btn__title\">\n\t\t\t\t\t\t\t\t\t\tWhatsApp\t\t\t\t\t\t\t\t\t<\/span>\n\t\t\t\t\t\t\t\t\t\t\t\t\t\t\t\t\t<\/div>\n\t\t\t\t\t\t\t\t\t\t\t\t\t<\/div>\n\t\t\t\t\t<\/div>\n\t\t\t\t\t\t\t\t\t<div class=\"elementor-grid-item\" role=\"listitem\">\n\t\t\t\t\t\t<div class=\"elementor-share-btn elementor-share-btn_vk\" role=\"button\" tabindex=\"0\" aria-label=\"Share on vk\">\n\t\t\t\t\t\t\t\t\t\t\t\t\t\t\t<span class=\"elementor-share-btn__icon\">\n\t\t\t\t\t\t\t\t<i class=\"fab fa-vk\" aria-hidden=\"true\"><\/i>\t\t\t\t\t\t\t<\/span>\n\t\t\t\t\t\t\t\t\t\t\t\t\t\t\t\t\t\t\t\t\t\t<div class=\"elementor-share-btn__text\">\n\t\t\t\t\t\t\t\t\t\t\t\t\t\t\t\t\t\t\t<span class=\"elementor-share-btn__title\">\n\t\t\t\t\t\t\t\t\t\tVK\t\t\t\t\t\t\t\t\t<\/span>\n\t\t\t\t\t\t\t\t\t\t\t\t\t\t\t\t\t<\/div>\n\t\t\t\t\t\t\t\t\t\t\t\t\t<\/div>\n\t\t\t\t\t<\/div>\n\t\t\t\t\t\t\t\t\t<div class=\"elementor-grid-item\" role=\"listitem\">\n\t\t\t\t\t\t<div class=\"elementor-share-btn elementor-share-btn_telegram\" role=\"button\" tabindex=\"0\" aria-label=\"Share on telegram\">\n\t\t\t\t\t\t\t\t\t\t\t\t\t\t\t<span class=\"elementor-share-btn__icon\">\n\t\t\t\t\t\t\t\t<i class=\"fab fa-telegram\" aria-hidden=\"true\"><\/i>\t\t\t\t\t\t\t<\/span>\n\t\t\t\t\t\t\t\t\t\t\t\t\t\t\t\t\t\t\t\t\t\t<div class=\"elementor-share-btn__text\">\n\t\t\t\t\t\t\t\t\t\t\t\t\t\t\t\t\t\t\t<span class=\"elementor-share-btn__title\">\n\t\t\t\t\t\t\t\t\t\tTelegram\t\t\t\t\t\t\t\t\t<\/span>\n\t\t\t\t\t\t\t\t\t\t\t\t\t\t\t\t\t<\/div>\n\t\t\t\t\t\t\t\t\t\t\t\t\t<\/div>\n\t\t\t\t\t<\/div>\n\t\t\t\t\t\t<\/div>\n\t\t\t\t\t\t<\/div>\n\t\t\t\t<\/div>\n\t\t\t\t\t<\/div>\n\t\t<\/div>\n\t\t\t\t\t<\/div>\n\t\t<\/section>\n\t\t\t\t<\/div>\n\t\t","protected":false},"excerpt":{"rendered":"<p>\u00dcber uns Tedder-Global.com wurde 2022 in Antalya mit dem Ziel gegr\u00fcndet, den Handel in touristischen Gebieten zu erleichtern . Wir haben eine Plattform geschaffen, die Kunden und Verk\u00e4ufern gleichzeitig hilft. Leistungsstarke Funktionen wie Suchoptionen, Live-Chat, Share-Buttons und GPS-Standorte tragen dazu bei, den Kauf- und Verkaufsprozess viel angenehmer und unterhaltsamer zu gestalten. Unsere Apps haben viele<\/p>\n","protected":false},"author":14,"featured_media":0,"parent":0,"menu_order":0,"comment_status":"closed","ping_status":"closed","template":"templates\/blank.php","meta":{"_rtcl_gb_attr":"","footnotes":""},"class_list":["post-4677","page","type-page","status-publish","hentry"],"_links":{"self":[{"href":"https:\/\/tedder-global.com\/de\/wp-json\/wp\/v2\/pages\/4677","targetHints":{"allow":["GET"]}}],"collection":[{"href":"https:\/\/tedder-global.com\/de\/wp-json\/wp\/v2\/pages"}],"about":[{"href":"https:\/\/tedder-global.com\/de\/wp-json\/wp\/v2\/types\/page"}],"author":[{"embeddable":true,"href":"https:\/\/tedder-global.com\/de\/wp-json\/wp\/v2\/users\/14"}],"replies":[{"embeddable":true,"href":"https:\/\/tedder-global.com\/de\/wp-json\/wp\/v2\/comments?post=4677"}],"version-history":[{"count":2,"href":"https:\/\/tedder-global.com\/de\/wp-json\/wp\/v2\/pages\/4677\/revisions"}],"predecessor-version":[{"id":23057,"href":"https:\/\/tedder-global.com\/de\/wp-json\/wp\/v2\/pages\/4677\/revisions\/23057"}],"wp:attachment":[{"href":"https:\/\/tedder-global.com\/de\/wp-json\/wp\/v2\/media?parent=4677"}],"curies":[{"name":"wp","href":"https:\/\/api.w.org\/{rel}","templated":true}]}}