{"id":4665,"date":"2020-08-14T17:20:53","date_gmt":"2020-08-14T14:20:53","guid":{"rendered":"http:\/\/tedder-global.com\/richtlinien\/"},"modified":"2023-07-02T23:33:25","modified_gmt":"2023-07-02T20:33:25","slug":"richtlinien","status":"publish","type":"page","link":"https:\/\/tedder-global.com\/de\/richtlinien\/","title":{"rendered":"Richtlinien"},"content":{"rendered":"\t\t<div data-elementor-type=\"wp-page\" data-elementor-id=\"4665\" class=\"elementor elementor-4665 elementor-2539\" data-elementor-post-type=\"page\">\n\t\t\t\t\t\t<section class=\"elementor-section elementor-top-section elementor-element elementor-element-2af8600 elementor-section-boxed elementor-section-height-default elementor-section-height-default rt-parallax-bg-no\" data-id=\"2af8600\" data-element_type=\"section\">\n\t\t\t\t\t\t<div class=\"elementor-container elementor-column-gap-default\">\n\t\t\t\t\t<div class=\"elementor-column elementor-col-100 elementor-top-column elementor-element elementor-element-be6bd06\" data-id=\"be6bd06\" data-element_type=\"column\">\n\t\t\t<div class=\"elementor-widget-wrap elementor-element-populated\">\n\t\t\t\t\t\t<div class=\"elementor-element elementor-element-0803b3f elementor-widget elementor-widget-image\" data-id=\"0803b3f\" data-element_type=\"widget\" data-widget_type=\"image.default\">\n\t\t\t\t<div class=\"elementor-widget-container\">\n\t\t\t\t\t\t\t\t\t\t\t\t\t\t\t<img decoding=\"async\" src=\"https:\/\/tedder-global.com\/wp-content\/uploads\/2022\/02\/tedderlogo1.jpeg\" title=\"\" alt=\"\" loading=\"lazy\" \/>\t\t\t\t\t\t\t\t\t\t\t\t\t\t\t<\/div>\n\t\t\t\t<\/div>\n\t\t\t\t<div class=\"elementor-element elementor-element-eee5b28 elementor-widget elementor-widget-text-editor\" data-id=\"eee5b28\" data-element_type=\"widget\" data-widget_type=\"text-editor.default\">\n\t\t\t\t<div class=\"elementor-widget-container\">\n\t\t\t\t\t\t\t\t\t<h3><span style=\"text-decoration: underline;\"><strong><span id=\"docs-internal-guid-83d1e1ed-7fff-c15e-fd7c-86cf8cee214d\"><span style=\"font-size: 24pt; font-family: Arial; color: #212529; background-color: transparent; font-variant-numeric: normal; font-variant-east-asian: normal; vertical-align: baseline; white-space: pre-wrap; text-decoration: underline;\">Richtlinien<\/span><\/span><\/strong><\/span><\/h3>\n\t\t\t\t\t\t\t\t<\/div>\n\t\t\t\t<\/div>\n\t\t\t\t<div class=\"elementor-element elementor-element-4dd5ff7 elementor-widget elementor-widget-text-editor\" data-id=\"4dd5ff7\" data-element_type=\"widget\" data-widget_type=\"text-editor.default\">\n\t\t\t\t<div class=\"elementor-widget-container\">\n\t\t\t\t\t\t\t\t\t<p><span style=\"font-weight: 400;\">Diese Liste zeigt, was nicht erlaubt ist. Au\u00dferdem entfernen wir alle Elemente, die wir f\u00fcr sch\u00e4dlich f\u00fcr die Community halten.<\/span><\/p>\n\t\t\t\t\t\t\t\t<\/div>\n\t\t\t\t<\/div>\n\t\t\t\t<div class=\"elementor-element elementor-element-c2b449d elementor-widget elementor-widget-text-editor\" data-id=\"c2b449d\" data-element_type=\"widget\" data-widget_type=\"text-editor.default\">\n\t\t\t\t<div class=\"elementor-widget-container\">\n\t\t\t\t\t\t\t\t\t<h3><b>Inhalt f\u00fcr Erwachsene<\/b><\/h3>\n<p><span style=\"font-weight: 400;\">\u00dcberlassen Sie einige Dinge der Fantasie. Sexuelle Inhalte, Spielzeug f\u00fcr Erwachsene oder andere Gegenst\u00e4nde, die explizite Nacktheit beinhalten, sind nicht erlaubt.<\/span><\/p>\t\t\t\t\t\t\t\t<\/div>\n\t\t\t\t<\/div>\n\t\t\t\t<div class=\"elementor-element elementor-element-8c4289f elementor-widget elementor-widget-text-editor\" data-id=\"8c4289f\" data-element_type=\"widget\" data-widget_type=\"text-editor.default\">\n\t\t\t\t<div class=\"elementor-widget-container\">\n\t\t\t\t\t\t\t\t\t<h3><b>Drogen<\/b><\/h3>\n<p><span style=\"font-weight: 400;\">Es ist verboten, Drogen zu verkaufen, selbst wenn dies in Ihrem Land legal ist. <\/span><\/p>\n\t\t\t\t\t\t\t\t<\/div>\n\t\t\t\t<\/div>\n\t\t\t\t<div class=\"elementor-element elementor-element-381eabd elementor-widget elementor-widget-text-editor\" data-id=\"381eabd\" data-element_type=\"widget\" data-widget_type=\"text-editor.default\">\n\t\t\t\t<div class=\"elementor-widget-container\">\n\t\t\t\t\t\t\t\t\t<h3><b>Dienstleistungen<\/b><\/h3>\n<p><span style=\"font-weight: 400;\">Sie k\u00f6nnen nicht anbieten, etwas Illegales zu machen. <\/span><\/p>\n<p><b>Zu den verbotenen Diensten geh\u00f6ren:<\/b><\/p>\n<ul>\n<li style=\"font-weight: 400;\"><span style=\"font-weight: 400;\">Begleitservice<\/span><\/li>\n<li style=\"font-weight: 400;\"><span style=\"font-weight: 400;\">Dienste, die selbst illegal sind (Entsperren von Telefonen und anderer Hardware) oder illegale Aktivit\u00e4ten beinhalten k\u00f6nnen<\/span><\/li>\n<li style=\"font-weight: 400;\"><span style=\"font-weight: 400;\">Dienstleistungen im Zusammenhang mit Drogen<\/span><\/li>\n<li style=\"font-weight: 400;\"><span style=\"font-weight: 400;\">Dienstleistungen mit Schusswaffen oder anderen Waffen<\/span><\/li>\n<\/ul>\n\t\t\t\t\t\t\t\t<\/div>\n\t\t\t\t<\/div>\n\t\t\t\t<div class=\"elementor-element elementor-element-99c3da4 elementor-widget elementor-widget-text-editor\" data-id=\"99c3da4\" data-element_type=\"widget\" data-widget_type=\"text-editor.default\">\n\t\t\t\t<div class=\"elementor-widget-container\">\n\t\t\t\t\t\t\t\t\t<h3><b>Spam<\/b><\/h3>\n<p><span style=\"font-weight: 400;\">Wir erlauben keinen Spam. Beginnen Sie kein Gespr\u00e4ch mit jemandem, es sei denn, Sie sind wirklich daran interessiert, einen Artikel zu kaufen\/verkaufen<\/span><\/p>\n\t\t\t\t\t\t\t\t<\/div>\n\t\t\t\t<\/div>\n\t\t\t\t<div class=\"elementor-element elementor-element-62a2bb2 elementor-widget elementor-widget-text-editor\" data-id=\"62a2bb2\" data-element_type=\"widget\" data-widget_type=\"text-editor.default\">\n\t\t\t\t<div class=\"elementor-widget-container\">\n\t\t\t\t\t\t\t\t\t<h3><b>Waffen und andere gef\u00e4hrliche Gegenst\u00e4nde<\/b><\/h3>\n<p><span style=\"font-weight: 400;\">Wir verbieten gef\u00e4hrliche Gegenst\u00e4nde wie Schusswaffen oder Gegenst\u00e4nde, die weitgehend zur\u00fcckgerufen wurden.<\/span><\/p>\n<p><b>Zu den verbotenen Gegenst\u00e4nden geh\u00f6ren:<\/b><\/p>\n<ul>\n<li style=\"font-weight: 400;\"><span style=\"font-weight: 400;\">Alle Schusswaffen, Zubeh\u00f6r und Munition<\/span><\/li>\n<li style=\"font-weight: 400;\"><span style=\"font-weight: 400;\">Taser<\/span><\/li>\n<li style=\"font-weight: 400;\"><span style=\"font-weight: 400;\">Pestizide, Tr\u00e4nengas und andere gef\u00e4hrliche Chemikalien <\/span><\/li>\n<\/ul>\n\t\t\t\t\t\t\t\t<\/div>\n\t\t\t\t<\/div>\n\t\t\t\t<div class=\"elementor-element elementor-element-a54a7d9 elementor-widget elementor-widget-text-editor\" data-id=\"a54a7d9\" data-element_type=\"widget\" data-widget_type=\"text-editor.default\">\n\t\t\t\t<div class=\"elementor-widget-container\">\n\t\t\t\t\t\t\t\t\t<h3><b>Sonstig<\/b><\/h3>\n<p><span style=\"font-weight: 400;\">Die oben genannten Richtlinien decken das meiste ab, was nicht erlaubt ist, sind aber nicht ersch\u00f6pfend. Wir werden alle Elemente entfernen, von denen wir glauben, dass sie der Community schaden.<\/span><\/p>\n\t\t\t\t\t\t\t\t<\/div>\n\t\t\t\t<\/div>\n\t\t\t\t\t<\/div>\n\t\t<\/div>\n\t\t\t\t\t<\/div>\n\t\t<\/section>\n\t\t\t\t<\/div>\n\t\t","protected":false},"excerpt":{"rendered":"<p>Richtlinien Diese Liste zeigt, was nicht erlaubt ist. Au\u00dferdem entfernen wir alle Elemente, die wir f\u00fcr sch\u00e4dlich f\u00fcr die Community halten. Inhalt f\u00fcr Erwachsene \u00dcberlassen Sie einige Dinge der Fantasie. Sexuelle Inhalte, Spielzeug f\u00fcr Erwachsene oder andere Gegenst\u00e4nde, die explizite Nacktheit beinhalten, sind nicht erlaubt. Drogen Es ist verboten, Drogen zu verkaufen, selbst wenn dies<\/p>\n","protected":false},"author":1,"featured_media":0,"parent":0,"menu_order":0,"comment_status":"closed","ping_status":"closed","template":"templates\/blank.php","meta":{"_rtcl_gb_attr":"","footnotes":""},"class_list":["post-4665","page","type-page","status-publish","hentry"],"_links":{"self":[{"href":"https:\/\/tedder-global.com\/de\/wp-json\/wp\/v2\/pages\/4665","targetHints":{"allow":["GET"]}}],"collection":[{"href":"https:\/\/tedder-global.com\/de\/wp-json\/wp\/v2\/pages"}],"about":[{"href":"https:\/\/tedder-global.com\/de\/wp-json\/wp\/v2\/types\/page"}],"author":[{"embeddable":true,"href":"https:\/\/tedder-global.com\/de\/wp-json\/wp\/v2\/users\/1"}],"replies":[{"embeddable":true,"href":"https:\/\/tedder-global.com\/de\/wp-json\/wp\/v2\/comments?post=4665"}],"version-history":[{"count":1,"href":"https:\/\/tedder-global.com\/de\/wp-json\/wp\/v2\/pages\/4665\/revisions"}],"predecessor-version":[{"id":57392,"href":"https:\/\/tedder-global.com\/de\/wp-json\/wp\/v2\/pages\/4665\/revisions\/57392"}],"wp:attachment":[{"href":"https:\/\/tedder-global.com\/de\/wp-json\/wp\/v2\/media?parent=4665"}],"curies":[{"name":"wp","href":"https:\/\/api.w.org\/{rel}","templated":true}]}}