{"id":4644,"date":"2020-07-06T09:38:50","date_gmt":"2020-07-06T06:38:50","guid":{"rendered":"http:\/\/tedder-global.com\/veroeffentlichen-sie-eine-anzeige\/"},"modified":"2025-08-15T16:00:43","modified_gmt":"2025-08-15T13:00:43","slug":"veroeffentlichen-sie-eine-anzeige","status":"publish","type":"page","link":"https:\/\/tedder-global.com\/de\/veroeffentlichen-sie-eine-anzeige\/","title":{"rendered":"Anzeige ver\u00f6ffentlichen"},"content":{"rendered":"\t\t<div data-elementor-type=\"wp-page\" data-elementor-id=\"4644\" class=\"elementor elementor-4644 elementor-6\" data-elementor-post-type=\"page\">\n\t\t\t\t\t\t<section class=\"elementor-section elementor-top-section elementor-element elementor-element-4b53c42d elementor-section-boxed elementor-section-height-default elementor-section-height-default rt-parallax-bg-no\" data-id=\"4b53c42d\" data-element_type=\"section\">\n\t\t\t\t\t\t<div class=\"elementor-container elementor-column-gap-default\">\n\t\t\t\t\t<div class=\"elementor-column elementor-col-100 elementor-top-column elementor-element elementor-element-516fe7bd\" data-id=\"516fe7bd\" data-element_type=\"column\">\n\t\t\t<div class=\"elementor-widget-wrap elementor-element-populated\">\n\t\t\t\t\t\t<div class=\"elementor-element elementor-element-5df4c63a elementor-widget elementor-widget-shortcode\" data-id=\"5df4c63a\" data-element_type=\"widget\" data-widget_type=\"shortcode.default\">\n\t\t\t\t<div class=\"elementor-widget-container\">\n\t\t\t\t\t\t\t<div class=\"elementor-shortcode\"><div class=\"rtcl\"><div class=\"rtcl rtcl-login-form-wrap\" >\n\n\t\t<form class=\"rtcl-form rtcl-login-form\" method=\"post\">\n\n\t\t\n\t\t\n\t\t<div class=\"rtcl-form-group\">\n\t\t\t<label for=\"rtcl-user-login\" class=\"rtcl-field-label\">Benutzername oder E-Mail-Adresse<\/label>\n\t\t\t<input type=\"text\" name=\"username\" autocomplete=\"username\"\n\t\t\t\t   value=\"\"\n\t\t\t\t   id=\"rtcl-user-login\" class=\"rtcl-form-control\" required\/>\n\t\t<\/div>\n\n\t\t<div class=\"rtcl-form-group\">\n\t\t\t<label for=\"rtcl-user-pass\" class=\"rtcl-field-label\">\n\t\t\t\tPasswort\t\t\t<\/label>\n\t\t\t<div class=\"rtcl-user-pass-wrap\">\n\t\t\t\t<input type=\"password\" name=\"password\" id=\"rtcl-user-pass\" autocomplete=\"current-password\"\n\t\t\t\t\t   class=\"rtcl-form-control\" required\/>\n\t\t\t\t<span class=\"rtcl-toggle-pass rtcl-icon-eye-off\"><\/span>\n\t\t\t<\/div>\n\t\t<\/div>\n\n\t\t\n\t\t<div class=\"rtcl-form-group\">\n\t\t\t<div id=\"rtcl-login-g-recaptcha\" class=\"mb-2\"><\/div>\n\t\t\t<div id=\"rtcl-login-g-recaptcha-message\"><\/div>\n\t\t<\/div>\n\n\t\t<div class=\"rtcl-form-group rtcl-login-form-submit-wrap\">\n\t\t\t<button type=\"submit\" name=\"rtcl-login\" class=\"rtcl-btn\" value=\"login\">\n\t\t\t\tAnmeldung\t\t\t<\/button>\n\t\t\t<div class=\"form-check\">\n\t\t\t\t<input type=\"checkbox\" name=\"rememberme\" id=\"rtcl-rememberme\" value=\"forever\">\n\t\t\t\t<label class=\"rtcl-form-check-label\" for=\"rtcl-rememberme\">\n\t\t\t\t\tAngemeldet bleiben\t\t\t\t<\/label>\n\t\t\t<\/div>\n\t\t<\/div>\n\n\t\t<div class=\"rtcl-form-group\">\n\t\t\t<p class=\"rtcl-forgot-password\">\n\t\t\t\t\t\t\t\t\t<a href=\"https:\/\/tedder-global.com\/de\/mein-konto\/registration\/\">Registrieren<\/a><span>|<\/span>\n\t\t\t\t\t\t\t\t<a href=\"https:\/\/tedder-global.com\/de\/mein-konto\/passwort-vergessen\/\">Passwort vergessen?<\/a>\n\n\t\t\t<\/p>\n\t\t<\/div>\n\t\t<input type=\"hidden\" id=\"rtcl-login-nonce\" name=\"rtcl-login-nonce\" value=\"94b7e0bef1\" \/><input type=\"hidden\" name=\"_wp_http_referer\" value=\"\/de\/wp-json\/wp\/v2\/pages\/4644\" \/><input type=\"hidden\" name=\"redirect_to\" value=\"https:\/\/tedder-global.com\/de\/wp-json\/wp\/v2\/pages\/4644\" \/>\n\t<\/form>\n<\/div>\n<\/div><\/div>\n\t\t\t\t\t\t<\/div>\n\t\t\t\t<\/div>\n\t\t\t\t\t<\/div>\n\t\t<\/div>\n\t\t\t\t\t<\/div>\n\t\t<\/section>\n\t\t\t\t<section class=\"elementor-section elementor-top-section elementor-element elementor-element-f8d443a elementor-section-boxed elementor-section-height-default elementor-section-height-default rt-parallax-bg-no\" data-id=\"f8d443a\" data-element_type=\"section\">\n\t\t\t\t\t\t<div class=\"elementor-container elementor-column-gap-default\">\n\t\t\t\t\t<div class=\"elementor-column elementor-col-100 elementor-top-column elementor-element elementor-element-aa4dfa8\" data-id=\"aa4dfa8\" data-element_type=\"column\">\n\t\t\t<div class=\"elementor-widget-wrap elementor-element-populated\">\n\t\t\t\t\t\t<div class=\"elementor-element elementor-element-9a8cc59 elementor-widget elementor-widget-text-editor\" data-id=\"9a8cc59\" data-element_type=\"widget\" data-widget_type=\"text-editor.default\">\n\t\t\t\t<div class=\"elementor-widget-container\">\n\t\t\t\t\t\t\t\t\t<h2 style=\"text-align: center;\"><span style=\"text-decoration: underline;\"><strong>So posten Sie<\/strong><strong> &nbsp;eine Anzeige:<\/strong><\/span><\/h2>\n<h2 style=\"text-align: center;\">Sehr geehrte Verk\u00e4ufer, unser Schritt-f\u00fcr-Schritt-System ist sehr einfach und schnell!<\/h2>\n<h4 style=\"text-align: center;\">Bitte w\u00e4hlen Sie zuerst eine Mitgliedschaft aus. W\u00e4hlen Sie diese aus, indem Sie ber\u00fccksichtigen, wie viele Anzeigen Sie ver\u00f6ffentlichen m\u00f6chten!<\/h4>\n<h2><span style=\"text-decoration: underline;\"><em>Gehen Sie zum Posten wie folgt vor:<\/em><\/span><\/h2>\n<ol>\n<li><strong>W\u00e4hlen Sie aus, ob Ihr Artikel zu verkaufen, zu vermieten oder auf Nachfrage ist.<\/strong><\/li>\n<li><strong>W\u00e4hlen Sie die Hauptkategorie und alle Unterkategorien f\u00fcr Ihren Artikel aus (w\u00e4hlen Sie &#8220;Sonstiges&#8221;, wenn Sie keine Kategorie finden, die zu diesem Artikel passt)<\/strong><\/li>\n<li><strong>Schreiben Sie eine kurze \u00dcberschrift (z. B. Marke, Modell, Farbe &amp; Gr\u00f6\u00dfe)<\/strong><\/li>\n<li><strong>W\u00e4hlen Sie aus, ob Sie einen Festpreis w\u00fcnschen, einen Rabatt gew\u00e4hren oder \u00fcber die Konditionen sprechen m\u00f6chten.<\/strong><\/li>\n<li><strong>Schreiben Sie einen Preis (nur in \u20ac)<\/strong><\/li>\n<li><strong>Schreiben Sie eine Beschreibung Ihres Produkts einschlie\u00dflich m\u00f6glicher Variationen dieses Artikels (Farben \/ Gr\u00f6\u00dfen)<\/strong><\/li>\n<li><strong>Nennen Sie die wichtigsten Merkmale des Artikels. Bitte verwenden Sie f\u00fcr jedes Merkmal eine neue Zeile! (siehe Beispiel)<\/strong><\/li>\n<li><strong>Laden Sie 1-6 Bilder hoch.<\/strong> Stellen Sie sicher, dass Sie Ihr Produkt aus verschiedenen Blickwinkeln zeigen. Sie k\u00f6nnen viele Bilder gleichzeitig hochladen.<\/li>\n<li><strong>F\u00fcllen Sie fehlende Informationen aus<\/strong> &#8211; Ihre Adresse, Telefonnummer (mit internationaler Vorwahl) und auf der Karte: <em><strong>Ziehen Sie das rote Standortsymbol genau dorthin, wo sich Ihr Gesch\u00e4ft befindet<\/strong> .<\/em> (Maus mit der linken Maustaste klicken und halten, dann ziehen, um es zu verschieben)<\/li>\n<li><strong>Aktivieren Sie das Kontrollk\u00e4stchen Allgemeine Gesch\u00e4ftsbedingungen.<\/strong><\/li>\n<li><strong>Klicken Sie auf \u201eVer\u00f6ffentlichen\u201c<\/strong><\/li>\n<\/ol>\n<p>Fertig! Einfach, richtig?<\/p>\n<p>Falls Sie einen Fehler gemacht haben, k\u00f6nnen Sie alle Informationen nach der Ver\u00f6ffentlichung korrigieren. Kein Problem!<\/p>\n<p><strong>Wenn Sie mehr Aufrufe von Kunden erhalten m\u00f6chten, ziehen Sie bitte die Nutzung unserer Marketingfunktionen in Betracht:<\/strong><\/p>\n<ul>\n<li><strong><i>WOW-Anzeigen<\/i><\/strong>\n<ul>\n<li>Auf der Homepage werden nur WOW-Anzeigen angezeigt<\/li>\n<\/ul>\n<\/li>\n<li><strong><i>HOT Anzeigen<\/i><\/strong>\n<ul>\n<li>Hot Anzeigen werden als erstes bei den Suchergebnissen angezeigt<\/li>\n<\/ul>\n<\/li>\n<\/ul>\n<p>Sie k\u00f6nnen diese Labels verwenden, um Ihr Produkt nach dem Ver\u00f6ffentlichen zu bewerben.<\/p>\n<p>Rufen Sie uns an, wenn Sie Probleme haben oder weitere Informationen ben\u00f6tigen!<\/p>\n<p style=\"text-align: center;\">\n<\/p>\t\t\t\t\t\t\t\t<\/div>\n\t\t\t\t<\/div>\n\t\t\t\t\t<\/div>\n\t\t<\/div>\n\t\t\t\t\t<\/div>\n\t\t<\/section>\n\t\t\t\t<\/div>\n\t\t","protected":false},"excerpt":{"rendered":"<p>So posten Sie &nbsp;eine Anzeige: Sehr geehrte Verk\u00e4ufer, unser Schritt-f\u00fcr-Schritt-System ist sehr einfach und schnell! Bitte w\u00e4hlen Sie zuerst eine Mitgliedschaft aus. W\u00e4hlen Sie diese aus, indem Sie ber\u00fccksichtigen, wie viele Anzeigen Sie ver\u00f6ffentlichen m\u00f6chten! Gehen Sie zum Posten wie folgt vor: W\u00e4hlen Sie aus, ob Ihr Artikel zu verkaufen, zu vermieten oder auf Nachfrage<\/p>\n","protected":false},"author":14,"featured_media":0,"parent":0,"menu_order":0,"comment_status":"closed","ping_status":"closed","template":"","meta":{"_rtcl_gb_attr":"","footnotes":""},"class_list":["post-4644","page","type-page","status-publish","hentry"],"_links":{"self":[{"href":"https:\/\/tedder-global.com\/de\/wp-json\/wp\/v2\/pages\/4644","targetHints":{"allow":["GET"]}}],"collection":[{"href":"https:\/\/tedder-global.com\/de\/wp-json\/wp\/v2\/pages"}],"about":[{"href":"https:\/\/tedder-global.com\/de\/wp-json\/wp\/v2\/types\/page"}],"author":[{"embeddable":true,"href":"https:\/\/tedder-global.com\/de\/wp-json\/wp\/v2\/users\/14"}],"replies":[{"embeddable":true,"href":"https:\/\/tedder-global.com\/de\/wp-json\/wp\/v2\/comments?post=4644"}],"version-history":[{"count":2,"href":"https:\/\/tedder-global.com\/de\/wp-json\/wp\/v2\/pages\/4644\/revisions"}],"predecessor-version":[{"id":69322,"href":"https:\/\/tedder-global.com\/de\/wp-json\/wp\/v2\/pages\/4644\/revisions\/69322"}],"wp:attachment":[{"href":"https:\/\/tedder-global.com\/de\/wp-json\/wp\/v2\/media?parent=4644"}],"curies":[{"name":"wp","href":"https:\/\/api.w.org\/{rel}","templated":true}]}}